{"id":1092,"date":"2023-05-14T20:27:44","date_gmt":"2023-05-14T18:27:44","guid":{"rendered":"https:\/\/revue-phaeton.fr\/?page_id=1092"},"modified":"2023-06-04T17:50:02","modified_gmt":"2023-06-04T15:50:02","slug":"partenaires","status":"publish","type":"page","link":"https:\/\/revue-phaeton.fr\/index.php\/partenaires\/","title":{"rendered":"Partenaires"},"content":{"rendered":"\n<h2 class=\"wp-block-heading\">Nos partenaires<\/h2>\n\n\n\n<h2 class=\"wp-block-heading\"><strong>Librairies <\/strong><\/h2>\n\n\n\n<figure class=\"wp-block-image size-full\"><img loading=\"lazy\" decoding=\"async\" width=\"768\" height=\"227\" src=\"https:\/\/revue-phaeton.fr\/wp-content\/uploads\/2023\/05\/partenaires.jpg\" alt=\"Librairies\" class=\"wp-image-1097\" srcset=\"https:\/\/revue-phaeton.fr\/wp-content\/uploads\/2023\/05\/partenaires.jpg 768w, https:\/\/revue-phaeton.fr\/wp-content\/uploads\/2023\/05\/partenaires-300x89.jpg 300w\" sizes=\"auto, (max-width: 767px) 89vw, (max-width: 1000px) 54vw, (max-width: 1071px) 543px, 580px\" \/><\/figure>\n\n\n\n<ul class=\"wp-block-list\">\n<li><strong>Librairie Mollat<\/strong><br>15, rue Vital Carles, 33 080 \u2013 Bordeaux<br>Tel : 05 56 56 40 40<br><a href=\"https:\/\/www.mollat.com\">https:\/\/www.mollat.com<\/a><\/li>\n\n\n\n<li><strong>La Machine \u00e0 lire<\/strong><br>8, place du Parlement, 33000 \u2013 Bordeaux<br>Tel : 05 56 48 03 87<br><a href=\"https:\/\/www.lamachinealire.com\" target=\"_blank\" rel=\"noreferrer noopener\">https:\/\/www.lamachinealire.com<\/a><\/li>\n\n\n\n<li><strong>Librairie Olympique<\/strong><br>33, rue Rode, 33000 \u2013 Bordeaux<br>Tel : 05 56 01 03 90<br>Librairie Ombres blanches, 50 rue Gambetta, 31000 &#8211; Toulouse <br>T\u00e9l. 05 34 45 53 33<br><a href=\"https:\/\/www.ombres-blanches.fr\" target=\"_blank\" rel=\"noreferrer noopener\">https:\/\/www.ombres-blanches.fr<\/a><\/li>\n\n\n\n<li><strong>Librairie de Paris<\/strong><br>7 Place de Clichy, 75017 Paris \u2013 France ; Tel : 01 45 22 47 81 <br><a href=\"https:\/\/www.librairie-de-paris.fr\" target=\"_blank\" rel=\"noreferrer noopener\">https:\/\/www.librairie-de-paris.fr<\/a><\/li>\n\n\n\n<li><strong>Les Cahiers de Colette<\/strong><br>23 Rue Rambuteau, 75004 Paris<br>Tel : 01 42 72 95 06<br><a href=\"http:\/\/www.lescahiersdecolette.com\" target=\"_blank\" rel=\"noreferrer noopener\">http:\/\/www.lescahiersdecolette.com<\/a><\/li>\n\n\n\n<li><strong>Les Mots \u00e0 La Bouche<\/strong><br>37 rue Saint-Ambroise &#8211; 75011 Paris \u2013 France <br>Tel : +33 (0)1 42 78 88 30 <br>E-mail : <a href=\"mailto:Contact@motsbouche.com\">Contact@motsbouche.com<\/a><\/li>\n<\/ul>\n\n\n\n<h2 class=\"wp-block-heading\"><strong>Institutions<\/strong><\/h2>\n\n\n\n<figure class=\"wp-block-image size-full\"><img loading=\"lazy\" decoding=\"async\" width=\"768\" height=\"227\" src=\"https:\/\/revue-phaeton.fr\/wp-content\/uploads\/2023\/05\/institutions.jpg\" alt=\"institutions\" class=\"wp-image-1100\" srcset=\"https:\/\/revue-phaeton.fr\/wp-content\/uploads\/2023\/05\/institutions.jpg 768w, https:\/\/revue-phaeton.fr\/wp-content\/uploads\/2023\/05\/institutions-300x89.jpg 300w\" sizes=\"auto, (max-width: 767px) 89vw, (max-width: 1000px) 54vw, (max-width: 1071px) 543px, 580px\" \/><\/figure>\n\n\n\n<ul class=\"wp-block-list\">\n<li><strong>Conseil r\u00e9gional de Nouvelle Aquitaine : <\/strong><br>\u00c9conomie sociale, \u00e9cologie, territoire<br><a href=\"https:\/\/www.nouvelle-aquitaine.fr\/\" target=\"_blank\" rel=\"noreferrer noopener\">https:\/\/www.nouvelle-aquitaine.fr\/<\/a><\/li>\n\n\n\n<li><strong>Institut Cervant\u00e8s, Bordeaux :<\/strong><br><a href=\"https:\/\/burdeos.cervantes.es\" target=\"_blank\" rel=\"noreferrer noopener\">https:\/\/burdeos.cervantes.es<\/a><\/li>\n\n\n\n<li><strong>Institut Cervant\u00e8s, Toulouse <\/strong>: <br><a href=\"https:\/\/toulouse.cervantes.es\" target=\"_blank\" rel=\"noreferrer noopener\">https:\/\/toulouse.cervantes.es<\/a><\/li>\n\n\n\n<li><strong>BNF <\/strong><br>www.bnf.fr<\/li>\n\n\n\n<li><strong>Librairie du Congr\u00e8s, Washington : <\/strong><br><a href=\"https:\/\/www.loc.gov\/item\/2016796190\/\" target=\"_blank\" rel=\"noreferrer noopener\">https:\/\/www.loc.gov\/item\/2016796190\/<\/a><\/li>\n\n\n\n<li><strong>Amalivre : <\/strong><br><a href=\"https:\/\/www.amalivre.fr\/fr\/\" target=\"_blank\" rel=\"noreferrer noopener\">https:\/\/www.amalivre.fr\/fr\/<\/a><\/li>\n\n\n\n<li><strong>\u00c9ditions Poesis : <\/strong><br><a href=\"http:\/\/www.poesis-editions.fr\/\" target=\"_blank\" rel=\"noreferrer noopener\">http:\/\/www.poesis-editions.fr\/<\/a><\/li>\n<\/ul>\n\n\n\n<h2 class=\"wp-block-heading\"><strong>M\u00e9dias<\/strong><\/h2>\n\n\n\n<p> <figure class=\"wp-block-image size-full\"><img loading=\"lazy\" decoding=\"async\" width=\"768\" height=\"227\" class=\"wp-image-1148\" src=\"https:\/\/revue-phaeton.fr\/wp-content\/uploads\/2023\/06\/Design-sans-titre6.png\" alt=\"\" srcset=\"https:\/\/revue-phaeton.fr\/wp-content\/uploads\/2023\/06\/Design-sans-titre6.png 768w, https:\/\/revue-phaeton.fr\/wp-content\/uploads\/2023\/06\/Design-sans-titre6-300x89.png 300w\" sizes=\"auto, (max-width: 767px) 89vw, (max-width: 1000px) 54vw, (max-width: 1071px) 543px, 580px\" \/><\/figure><br>Ils ont parl\u00e9 de nous :<\/p>\n\n\n\n<ul class=\"wp-block-list\">\n<li><strong>Journal Sud-Ouest<\/strong> : <a href=\"https:\/\/www.sudouest.fr\">https:\/\/www.sudouest.fr<\/a><\/li>\n\n\n\n<li><strong>Sud-Ouest Magazine <\/strong>: <a href=\"https:\/\/www.sudouest.fr\/lemag\/\">https:\/\/www.sudouest.fr\/lemag\/<\/a><\/li>\n\n\n\n<li><strong>Ent\u2019revues, la Revue des revues<\/strong> : <a href=\"https:\/\/www.entrevues.org\">https:\/\/www.entrevues.org<\/a><\/li>\n<\/ul>\n","protected":false},"excerpt":{"rendered":"<p>Nos partenaires Librairies Institutions M\u00e9dias Ils ont parl\u00e9 de nous :<\/p>\n","protected":false},"author":1,"featured_media":0,"parent":0,"menu_order":0,"comment_status":"closed","ping_status":"closed","template":"","meta":{"footnotes":""},"class_list":["post-1092","page","type-page","status-publish","hentry"],"yoast_head":"<!-- This site is optimized with the Yoast SEO plugin v26.1.1 - https:\/\/yoast.com\/wordpress\/plugins\/seo\/ -->\n<title>Partenaires - Editions Pha\u00e9ton<\/title>\n<meta name=\"robots\" content=\"index, follow, max-snippet:-1, max-image-preview:large, max-video-preview:-1\" \/>\n<link rel=\"canonical\" href=\"https:\/\/revue-phaeton.fr\/index.php\/partenaires\/\" \/>\n<meta property=\"og:locale\" content=\"fr_FR\" \/>\n<meta property=\"og:type\" content=\"article\" \/>\n<meta property=\"og:title\" content=\"Partenaires - Editions Pha\u00e9ton\" \/>\n<meta property=\"og:description\" content=\"Nos partenaires Librairies Institutions M\u00e9dias Ils ont parl\u00e9 de nous :\" \/>\n<meta property=\"og:url\" content=\"https:\/\/revue-phaeton.fr\/index.php\/partenaires\/\" \/>\n<meta property=\"og:site_name\" content=\"Editions Pha\u00e9ton\" \/>\n<meta property=\"article:modified_time\" content=\"2023-06-04T15:50:02+00:00\" \/>\n<meta property=\"og:image\" content=\"https:\/\/revue-phaeton.fr\/wp-content\/uploads\/2023\/05\/partenaires.jpg\" \/>\n<meta name=\"twitter:card\" content=\"summary_large_image\" \/>\n<meta name=\"twitter:label1\" content=\"Dur\u00e9e de lecture estim\u00e9e\" \/>\n\t<meta name=\"twitter:data1\" content=\"2 minutes\" \/>\n<script type=\"application\/ld+json\" class=\"yoast-schema-graph\">{\"@context\":\"https:\/\/schema.org\",\"@graph\":[{\"@type\":\"WebPage\",\"@id\":\"https:\/\/revue-phaeton.fr\/index.php\/partenaires\/\",\"url\":\"https:\/\/revue-phaeton.fr\/index.php\/partenaires\/\",\"name\":\"Partenaires - Editions Pha\u00e9ton\",\"isPartOf\":{\"@id\":\"https:\/\/revue-phaeton.fr\/#website\"},\"primaryImageOfPage\":{\"@id\":\"https:\/\/revue-phaeton.fr\/index.php\/partenaires\/#primaryimage\"},\"image\":{\"@id\":\"https:\/\/revue-phaeton.fr\/index.php\/partenaires\/#primaryimage\"},\"thumbnailUrl\":\"https:\/\/revue-phaeton.fr\/wp-content\/uploads\/2023\/05\/partenaires.jpg\",\"datePublished\":\"2023-05-14T18:27:44+00:00\",\"dateModified\":\"2023-06-04T15:50:02+00:00\",\"breadcrumb\":{\"@id\":\"https:\/\/revue-phaeton.fr\/index.php\/partenaires\/#breadcrumb\"},\"inLanguage\":\"fr-FR\",\"potentialAction\":[{\"@type\":\"ReadAction\",\"target\":[\"https:\/\/revue-phaeton.fr\/index.php\/partenaires\/\"]}]},{\"@type\":\"ImageObject\",\"inLanguage\":\"fr-FR\",\"@id\":\"https:\/\/revue-phaeton.fr\/index.php\/partenaires\/#primaryimage\",\"url\":\"https:\/\/revue-phaeton.fr\/wp-content\/uploads\/2023\/05\/partenaires.jpg\",\"contentUrl\":\"https:\/\/revue-phaeton.fr\/wp-content\/uploads\/2023\/05\/partenaires.jpg\",\"width\":768,\"height\":227},{\"@type\":\"BreadcrumbList\",\"@id\":\"https:\/\/revue-phaeton.fr\/index.php\/partenaires\/#breadcrumb\",\"itemListElement\":[{\"@type\":\"ListItem\",\"position\":1,\"name\":\"Accueil\",\"item\":\"https:\/\/revue-phaeton.fr\/\"},{\"@type\":\"ListItem\",\"position\":2,\"name\":\"Partenaires\"}]},{\"@type\":\"WebSite\",\"@id\":\"https:\/\/revue-phaeton.fr\/#website\",\"url\":\"https:\/\/revue-phaeton.fr\/\",\"name\":\"Editions Pha\u00e9ton\",\"description\":\"Maison d&#039;\u00e9ditions \",\"potentialAction\":[{\"@type\":\"SearchAction\",\"target\":{\"@type\":\"EntryPoint\",\"urlTemplate\":\"https:\/\/revue-phaeton.fr\/?s={search_term_string}\"},\"query-input\":{\"@type\":\"PropertyValueSpecification\",\"valueRequired\":true,\"valueName\":\"search_term_string\"}}],\"inLanguage\":\"fr-FR\"}]}<\/script>\n<!-- \/ Yoast SEO plugin. -->","yoast_head_json":{"title":"Partenaires - Editions Pha\u00e9ton","robots":{"index":"index","follow":"follow","max-snippet":"max-snippet:-1","max-image-preview":"max-image-preview:large","max-video-preview":"max-video-preview:-1"},"canonical":"https:\/\/revue-phaeton.fr\/index.php\/partenaires\/","og_locale":"fr_FR","og_type":"article","og_title":"Partenaires - Editions Pha\u00e9ton","og_description":"Nos partenaires Librairies Institutions M\u00e9dias Ils ont parl\u00e9 de nous :","og_url":"https:\/\/revue-phaeton.fr\/index.php\/partenaires\/","og_site_name":"Editions Pha\u00e9ton","article_modified_time":"2023-06-04T15:50:02+00:00","og_image":[{"url":"https:\/\/revue-phaeton.fr\/wp-content\/uploads\/2023\/05\/partenaires.jpg","type":"","width":"","height":""}],"twitter_card":"summary_large_image","twitter_misc":{"Dur\u00e9e de lecture estim\u00e9e":"2 minutes"},"schema":{"@context":"https:\/\/schema.org","@graph":[{"@type":"WebPage","@id":"https:\/\/revue-phaeton.fr\/index.php\/partenaires\/","url":"https:\/\/revue-phaeton.fr\/index.php\/partenaires\/","name":"Partenaires - Editions Pha\u00e9ton","isPartOf":{"@id":"https:\/\/revue-phaeton.fr\/#website"},"primaryImageOfPage":{"@id":"https:\/\/revue-phaeton.fr\/index.php\/partenaires\/#primaryimage"},"image":{"@id":"https:\/\/revue-phaeton.fr\/index.php\/partenaires\/#primaryimage"},"thumbnailUrl":"https:\/\/revue-phaeton.fr\/wp-content\/uploads\/2023\/05\/partenaires.jpg","datePublished":"2023-05-14T18:27:44+00:00","dateModified":"2023-06-04T15:50:02+00:00","breadcrumb":{"@id":"https:\/\/revue-phaeton.fr\/index.php\/partenaires\/#breadcrumb"},"inLanguage":"fr-FR","potentialAction":[{"@type":"ReadAction","target":["https:\/\/revue-phaeton.fr\/index.php\/partenaires\/"]}]},{"@type":"ImageObject","inLanguage":"fr-FR","@id":"https:\/\/revue-phaeton.fr\/index.php\/partenaires\/#primaryimage","url":"https:\/\/revue-phaeton.fr\/wp-content\/uploads\/2023\/05\/partenaires.jpg","contentUrl":"https:\/\/revue-phaeton.fr\/wp-content\/uploads\/2023\/05\/partenaires.jpg","width":768,"height":227},{"@type":"BreadcrumbList","@id":"https:\/\/revue-phaeton.fr\/index.php\/partenaires\/#breadcrumb","itemListElement":[{"@type":"ListItem","position":1,"name":"Accueil","item":"https:\/\/revue-phaeton.fr\/"},{"@type":"ListItem","position":2,"name":"Partenaires"}]},{"@type":"WebSite","@id":"https:\/\/revue-phaeton.fr\/#website","url":"https:\/\/revue-phaeton.fr\/","name":"Editions Pha\u00e9ton","description":"Maison d&#039;\u00e9ditions ","potentialAction":[{"@type":"SearchAction","target":{"@type":"EntryPoint","urlTemplate":"https:\/\/revue-phaeton.fr\/?s={search_term_string}"},"query-input":{"@type":"PropertyValueSpecification","valueRequired":true,"valueName":"search_term_string"}}],"inLanguage":"fr-FR"}]}},"_links":{"self":[{"href":"https:\/\/revue-phaeton.fr\/index.php\/wp-json\/wp\/v2\/pages\/1092","targetHints":{"allow":["GET"]}}],"collection":[{"href":"https:\/\/revue-phaeton.fr\/index.php\/wp-json\/wp\/v2\/pages"}],"about":[{"href":"https:\/\/revue-phaeton.fr\/index.php\/wp-json\/wp\/v2\/types\/page"}],"author":[{"embeddable":true,"href":"https:\/\/revue-phaeton.fr\/index.php\/wp-json\/wp\/v2\/users\/1"}],"replies":[{"embeddable":true,"href":"https:\/\/revue-phaeton.fr\/index.php\/wp-json\/wp\/v2\/comments?post=1092"}],"version-history":[{"count":9,"href":"https:\/\/revue-phaeton.fr\/index.php\/wp-json\/wp\/v2\/pages\/1092\/revisions"}],"predecessor-version":[{"id":1157,"href":"https:\/\/revue-phaeton.fr\/index.php\/wp-json\/wp\/v2\/pages\/1092\/revisions\/1157"}],"wp:attachment":[{"href":"https:\/\/revue-phaeton.fr\/index.php\/wp-json\/wp\/v2\/media?parent=1092"}],"curies":[{"name":"wp","href":"https:\/\/api.w.org\/{rel}","templated":true}]}}