{"id":1159,"date":"2024-01-01T18:06:24","date_gmt":"2024-01-01T17:06:24","guid":{"rendered":"https:\/\/revue-phaeton.fr\/?page_id=1159"},"modified":"2024-02-06T19:43:43","modified_gmt":"2024-02-06T18:43:43","slug":"voir-la-revue-phaeton-2022","status":"publish","type":"page","link":"https:\/\/revue-phaeton.fr\/index.php\/voir-la-revue-phaeton-2022\/","title":{"rendered":"Voir la Revue Pha\u00e9ton 2022"},"content":{"rendered":"\n<h2 class=\"wp-block-heading\">La Revue Pha\u00e9ton 2022<\/h2>\n\n\n<a href=\"https:\/\/revue-phaeton.fr\/wp-content\/uploads\/2024\/01\/Revue-Phaeton-2022.pdf\" class=\"pdfemb-viewer\" style=\"\" data-width=\"max\" data-height=\"max\" data-toolbar=\"bottom\" data-toolbar-fixed=\"off\">Revue-Phaeton-2022<\/a>\n<p class=\"wp-block-pdfemb-pdf-embedder-viewer\"><\/p>\n\n\n\n<p><strong>><a href=\"https:\/\/revue-phaeton.fr\/index.php\/2022\/12\/18\/le-sommaire-de-la-revue-phaeton-2022\/\"> Le sommaire complet de la Revue Pha\u00e9ton 2022<\/a><\/strong><\/p>\n\n\n\n<ul class=\"wp-block-list\">\n<li><strong>Michel Wiedeman<\/strong> <em>Les formes de la lettre<\/em> <\/li>\n\n\n\n<li><strong>Marc Petit<\/strong> <em>Sous le masque d&rsquo;Ausone \u2013 Une correspondance imaginaire<\/em><\/li>\n\n\n\n<li><strong>Michel Braud<\/strong> <em>\u00ab Ces nostalgies sempiternelles \u00bb : les Lettres \u00e0 soi-m\u00eame de Paul-Jean Toulet <\/em><\/li>\n\n\n\n<li><strong>Michel Bergouignan<\/strong> <em>Louis-Ferdinand C\u00e9line \u2013 Contradictoire et passionn\u00e9<\/em> <\/li>\n<\/ul>\n\n\n\n<p><\/p>\n\n\n\n<p><strong>Cahier de Po\u00e9sie : <em>Belles Lettres <\/em><\/strong><\/p>\n\n\n\n<p><strong>Merles blancs <\/strong><\/p>\n\n\n\n<p><strong>Floril\u00e8ge de 24 po\u00e8mes \u00e9dit\u00e9s par la revue <em>Atelier Po\u00e9sie de Cognac<\/em><\/strong><\/p>\n\n\n\n<ul class=\"wp-block-list\">\n<li><strong>Matthieu Montalban<\/strong> <em>Le transhumanisme &#8211; Discours du d\u00e9passement progressiste du clivage gauche\/droite<\/em> <em>ou\/et du d\u00e9passement capitaliste de toute limite ? <\/em><\/li>\n\n\n\n<li><strong>Nathalie Corade et Marie Lemari\u00e9-Boutry<\/strong> <em>L\u2019agriculture de proximit\u00e9 : quand l\u2019agriculture (re) devient un levier<\/em> <em>pour le d\u00e9veloppement territorial <\/em><\/li>\n\n\n\n<li><strong>Adeline Alonso-Ugaglia, Marie Lemari\u00e9-Boutry<\/strong> <em>Du biocontr\u00f4le dans les vignobles <\/em><\/li>\n\n\n\n<li><strong>Bruno Bonnabry-Duval<\/strong> <em>L\u2019atelier du Livre d\u2019art et de l\u2019Estampe de l\u2019Imprimerie nationale<\/em> <\/li>\n<\/ul>\n\n\n\n<p><strong>Marges<\/strong><\/p>\n\n\n\n<ul class=\"wp-block-list\">\n<li>Textes in\u00e9dits de <strong>Frank Merger, Timoth\u00e9e Oudar, Moulay Amine Hachimy,<\/strong><\/li>\n\n\n\n<li><strong>Kenneth White<\/strong> : <em>Prose pour le col de Marie-Blanque<\/em> <\/li>\n\n\n\n<li><strong>Roseline Giusti<\/strong>, <em>Sauv\u00e9 de la casse !<\/em><\/li>\n\n\n\n<li><strong>Roseline Giusti, <\/strong><em>L\u2019oiseau-rebut <\/em><\/li>\n\n\n\n<li><strong>Roseline Giusti, <\/strong><em>Dominique Etna Corbal, plasticien <\/em><\/li>\n\n\n\n<li><strong>Roseline Giusti, <\/strong><em>Les pieds sur la chaise n\u00b0 10<\/em><\/li>\n\n\n\n<li>Note sur le livre d\u2019<strong>Elisa Valero Ramos<\/strong>, architecte : <em>La th\u00e9orie du diamant et le projet d\u2019architecture<\/em> <\/li>\n\n\n\n<li><strong>Jean-Christophe Cabut<\/strong>, <em>Les Soeurs de la Perp\u00e9tuelle Indulgence<\/em><\/li>\n\n\n\n<li><strong>Madeleine Lenoble<\/strong><em>, Le r\u00eave chrysalide <\/em><\/li>\n\n\n\n<li><strong>Questionnaire de Proust : Boris Cyrulnik <\/strong><\/li>\n<\/ul>\n\n\n\n<p><strong>Pour commander la revue<br>&gt;&gt;&nbsp;<a href=\"https:\/\/revue-phaeton.fr\/index.php\/bulletin-de-souscription\/\">bulletin de commande<\/a><\/strong><\/p>\n","protected":false},"excerpt":{"rendered":"<p>La Revue Pha\u00e9ton 2022 > Le sommaire complet de la Revue Pha\u00e9ton 2022 Cahier de Po\u00e9sie : Belles Lettres Merles blancs Floril\u00e8ge de 24 po\u00e8mes \u00e9dit\u00e9s par la revue Atelier Po\u00e9sie de Cognac Marges Pour commander la revue&gt;&gt;&nbsp;bulletin de commande<\/p>\n","protected":false},"author":1,"featured_media":0,"parent":0,"menu_order":0,"comment_status":"closed","ping_status":"closed","template":"","meta":{"footnotes":""},"class_list":["post-1159","page","type-page","status-publish","hentry"],"yoast_head":"<!-- This site is optimized with the Yoast SEO plugin v26.1.1 - https:\/\/yoast.com\/wordpress\/plugins\/seo\/ -->\n<title>Voir la Revue Pha\u00e9ton 2022 - Editions Pha\u00e9ton<\/title>\n<meta name=\"robots\" content=\"index, follow, max-snippet:-1, max-image-preview:large, max-video-preview:-1\" \/>\n<link rel=\"canonical\" href=\"https:\/\/revue-phaeton.fr\/index.php\/voir-la-revue-phaeton-2022\/\" \/>\n<meta property=\"og:locale\" content=\"fr_FR\" \/>\n<meta property=\"og:type\" content=\"article\" \/>\n<meta property=\"og:title\" content=\"Voir la Revue Pha\u00e9ton 2022 - Editions Pha\u00e9ton\" \/>\n<meta property=\"og:description\" content=\"La Revue Pha\u00e9ton 2022 &gt; Le sommaire complet de la Revue Pha\u00e9ton 2022 Cahier de Po\u00e9sie : Belles Lettres Merles blancs Floril\u00e8ge de 24 po\u00e8mes \u00e9dit\u00e9s par la revue Atelier Po\u00e9sie de Cognac Marges Pour commander la revue&gt;&gt;&nbsp;bulletin de commande\" \/>\n<meta property=\"og:url\" content=\"https:\/\/revue-phaeton.fr\/index.php\/voir-la-revue-phaeton-2022\/\" \/>\n<meta property=\"og:site_name\" content=\"Editions Pha\u00e9ton\" \/>\n<meta property=\"article:modified_time\" content=\"2024-02-06T18:43:43+00:00\" \/>\n<meta name=\"twitter:card\" content=\"summary_large_image\" \/>\n<meta name=\"twitter:label1\" content=\"Dur\u00e9e de lecture estim\u00e9e\" \/>\n\t<meta name=\"twitter:data1\" content=\"2 minutes\" \/>\n<script type=\"application\/ld+json\" class=\"yoast-schema-graph\">{\"@context\":\"https:\/\/schema.org\",\"@graph\":[{\"@type\":\"WebPage\",\"@id\":\"https:\/\/revue-phaeton.fr\/index.php\/voir-la-revue-phaeton-2022\/\",\"url\":\"https:\/\/revue-phaeton.fr\/index.php\/voir-la-revue-phaeton-2022\/\",\"name\":\"Voir la Revue Pha\u00e9ton 2022 - Editions Pha\u00e9ton\",\"isPartOf\":{\"@id\":\"https:\/\/revue-phaeton.fr\/#website\"},\"datePublished\":\"2024-01-01T17:06:24+00:00\",\"dateModified\":\"2024-02-06T18:43:43+00:00\",\"breadcrumb\":{\"@id\":\"https:\/\/revue-phaeton.fr\/index.php\/voir-la-revue-phaeton-2022\/#breadcrumb\"},\"inLanguage\":\"fr-FR\",\"potentialAction\":[{\"@type\":\"ReadAction\",\"target\":[\"https:\/\/revue-phaeton.fr\/index.php\/voir-la-revue-phaeton-2022\/\"]}]},{\"@type\":\"BreadcrumbList\",\"@id\":\"https:\/\/revue-phaeton.fr\/index.php\/voir-la-revue-phaeton-2022\/#breadcrumb\",\"itemListElement\":[{\"@type\":\"ListItem\",\"position\":1,\"name\":\"Accueil\",\"item\":\"https:\/\/revue-phaeton.fr\/\"},{\"@type\":\"ListItem\",\"position\":2,\"name\":\"Voir la Revue Pha\u00e9ton 2022\"}]},{\"@type\":\"WebSite\",\"@id\":\"https:\/\/revue-phaeton.fr\/#website\",\"url\":\"https:\/\/revue-phaeton.fr\/\",\"name\":\"Editions Pha\u00e9ton\",\"description\":\"Maison d&#039;\u00e9ditions \",\"potentialAction\":[{\"@type\":\"SearchAction\",\"target\":{\"@type\":\"EntryPoint\",\"urlTemplate\":\"https:\/\/revue-phaeton.fr\/?s={search_term_string}\"},\"query-input\":{\"@type\":\"PropertyValueSpecification\",\"valueRequired\":true,\"valueName\":\"search_term_string\"}}],\"inLanguage\":\"fr-FR\"}]}<\/script>\n<!-- \/ Yoast SEO plugin. -->","yoast_head_json":{"title":"Voir la Revue Pha\u00e9ton 2022 - Editions Pha\u00e9ton","robots":{"index":"index","follow":"follow","max-snippet":"max-snippet:-1","max-image-preview":"max-image-preview:large","max-video-preview":"max-video-preview:-1"},"canonical":"https:\/\/revue-phaeton.fr\/index.php\/voir-la-revue-phaeton-2022\/","og_locale":"fr_FR","og_type":"article","og_title":"Voir la Revue Pha\u00e9ton 2022 - Editions Pha\u00e9ton","og_description":"La Revue Pha\u00e9ton 2022 > Le sommaire complet de la Revue Pha\u00e9ton 2022 Cahier de Po\u00e9sie : Belles Lettres Merles blancs Floril\u00e8ge de 24 po\u00e8mes \u00e9dit\u00e9s par la revue Atelier Po\u00e9sie de Cognac Marges Pour commander la revue&gt;&gt;&nbsp;bulletin de commande","og_url":"https:\/\/revue-phaeton.fr\/index.php\/voir-la-revue-phaeton-2022\/","og_site_name":"Editions Pha\u00e9ton","article_modified_time":"2024-02-06T18:43:43+00:00","twitter_card":"summary_large_image","twitter_misc":{"Dur\u00e9e de lecture estim\u00e9e":"2 minutes"},"schema":{"@context":"https:\/\/schema.org","@graph":[{"@type":"WebPage","@id":"https:\/\/revue-phaeton.fr\/index.php\/voir-la-revue-phaeton-2022\/","url":"https:\/\/revue-phaeton.fr\/index.php\/voir-la-revue-phaeton-2022\/","name":"Voir la Revue Pha\u00e9ton 2022 - Editions Pha\u00e9ton","isPartOf":{"@id":"https:\/\/revue-phaeton.fr\/#website"},"datePublished":"2024-01-01T17:06:24+00:00","dateModified":"2024-02-06T18:43:43+00:00","breadcrumb":{"@id":"https:\/\/revue-phaeton.fr\/index.php\/voir-la-revue-phaeton-2022\/#breadcrumb"},"inLanguage":"fr-FR","potentialAction":[{"@type":"ReadAction","target":["https:\/\/revue-phaeton.fr\/index.php\/voir-la-revue-phaeton-2022\/"]}]},{"@type":"BreadcrumbList","@id":"https:\/\/revue-phaeton.fr\/index.php\/voir-la-revue-phaeton-2022\/#breadcrumb","itemListElement":[{"@type":"ListItem","position":1,"name":"Accueil","item":"https:\/\/revue-phaeton.fr\/"},{"@type":"ListItem","position":2,"name":"Voir la Revue Pha\u00e9ton 2022"}]},{"@type":"WebSite","@id":"https:\/\/revue-phaeton.fr\/#website","url":"https:\/\/revue-phaeton.fr\/","name":"Editions Pha\u00e9ton","description":"Maison d&#039;\u00e9ditions ","potentialAction":[{"@type":"SearchAction","target":{"@type":"EntryPoint","urlTemplate":"https:\/\/revue-phaeton.fr\/?s={search_term_string}"},"query-input":{"@type":"PropertyValueSpecification","valueRequired":true,"valueName":"search_term_string"}}],"inLanguage":"fr-FR"}]}},"_links":{"self":[{"href":"https:\/\/revue-phaeton.fr\/index.php\/wp-json\/wp\/v2\/pages\/1159","targetHints":{"allow":["GET"]}}],"collection":[{"href":"https:\/\/revue-phaeton.fr\/index.php\/wp-json\/wp\/v2\/pages"}],"about":[{"href":"https:\/\/revue-phaeton.fr\/index.php\/wp-json\/wp\/v2\/types\/page"}],"author":[{"embeddable":true,"href":"https:\/\/revue-phaeton.fr\/index.php\/wp-json\/wp\/v2\/users\/1"}],"replies":[{"embeddable":true,"href":"https:\/\/revue-phaeton.fr\/index.php\/wp-json\/wp\/v2\/comments?post=1159"}],"version-history":[{"count":6,"href":"https:\/\/revue-phaeton.fr\/index.php\/wp-json\/wp\/v2\/pages\/1159\/revisions"}],"predecessor-version":[{"id":1188,"href":"https:\/\/revue-phaeton.fr\/index.php\/wp-json\/wp\/v2\/pages\/1159\/revisions\/1188"}],"wp:attachment":[{"href":"https:\/\/revue-phaeton.fr\/index.php\/wp-json\/wp\/v2\/media?parent=1159"}],"curies":[{"name":"wp","href":"https:\/\/api.w.org\/{rel}","templated":true}]}}