{"id":384,"date":"2018-09-15T17:29:44","date_gmt":"2018-09-15T15:29:44","guid":{"rendered":"http:\/\/revue-phaeton.fr\/?page_id=384"},"modified":"2019-02-03T18:32:33","modified_gmt":"2019-02-03T17:32:33","slug":"politique-de-confidentialite","status":"publish","type":"page","link":"https:\/\/revue-phaeton.fr\/index.php\/politique-de-confidentialite\/","title":{"rendered":"Politique de confidentialit\u00e9"},"content":{"rendered":"<p>La REVUE PHA\u00c9TON respecte les r\u00e9glementations europ\u00e9ennes et fran\u00e7aises qui lui sont applicables en mati\u00e8re de protection des donn\u00e9es personnelles, la loi \u00abInformatique et Libert\u00e9s\u00bb du 6 janvier 1978 modifi\u00e9e, la loi pour la \u00abConfiance et l\u2019Economie Num\u00e9rique\u00bb du 21 juin 2004 etle R\u00e8glement G\u00e9n\u00e9ral sur la Protection des Donn\u00e9es du 27 avril 2016.<\/p>\n<p><strong>Les donn\u00e9es personnelles collect\u00e9es sur notre site :<\/strong><br \/>\nLes donn\u00e9es personnelles sont toutes informations qui permettent d\u2019identifier indirectement l\u2019internaute. Les donn\u00e9es sont collect\u00e9es de fa\u00e7on indirecte lorsque vos donn\u00e9es de navigation sont collect\u00e9es automatiquement \u00e0 l\u2019aide d\u2019outils informatiques de collecte de donn\u00e9es.<br \/>\nCes donn\u00e9es sont relatives \u00e0 l\u2019utilisation que l\u2019utilisateur fait du Site. Elles concernent:<br \/>\n&#8211; Les donn\u00e9es de connexions (adresse IP, logs)<br \/>\n&#8211; Les donn\u00e9es fournies par les appareils mobiles li\u00e9es aux fonctionnalit\u00e9s activ\u00e9es par l&rsquo;Utilisateur (g\u00e9olocalisation, agenda).<\/p>\n<p><strong>Les finalit\u00e9s du traitement<\/strong><\/p>\n<p>L&rsquo;Elaboration des statistiques sur la fr\u00e9quentation des diff\u00e9rents contenus des Sites et Applications (int\u00e9r\u00eat l\u00e9gitime);<\/p>\n<p>Contenu embarqu\u00e9 depuis d\u2019autres sites<\/p>\n<p>Les articles de ce site peuvent inclure des contenus int\u00e9gr\u00e9s (par exemple des vid\u00e9os, images, articles\u2026). Le contenu int\u00e9gr\u00e9 depuis d\u2019autres sites se comporte de la m\u00eame mani\u00e8re que si le visiteur se rendait sur cet autre site.<\/p>\n<p>Ces sites web pourraient collecter des donn\u00e9es sur vous, utiliser des cookies, embarquer des outils de suivis tiers, suivre vos interactions avec ces contenus embarqu\u00e9s si vous disposez d\u2019un compte connect\u00e9 sur leur site web.<\/p>\n","protected":false},"excerpt":{"rendered":"<p>La REVUE PHA\u00c9TON respecte les r\u00e9glementations europ\u00e9ennes et fran\u00e7aises qui lui sont applicables en mati\u00e8re de protection des donn\u00e9es personnelles, la loi \u00abInformatique et Libert\u00e9s\u00bb du 6 janvier 1978 modifi\u00e9e, la loi pour la \u00abConfiance et l\u2019Economie Num\u00e9rique\u00bb du 21 juin 2004 etle R\u00e8glement G\u00e9n\u00e9ral sur la Protection des Donn\u00e9es du 27 avril 2016. Les &hellip; <\/p>\n<p class=\"link-more\"><a href=\"https:\/\/revue-phaeton.fr\/index.php\/politique-de-confidentialite\/\" class=\"more-link\">Continuer la lecture<span class=\"screen-reader-text\"> de &laquo;&nbsp;Politique de confidentialit\u00e9&nbsp;&raquo;<\/span><\/a><\/p>\n","protected":false},"author":1,"featured_media":0,"parent":0,"menu_order":0,"comment_status":"closed","ping_status":"closed","template":"","meta":{"footnotes":""},"class_list":["post-384","page","type-page","status-publish","hentry"],"yoast_head":"<!-- This site is optimized with the Yoast SEO plugin v26.1.1 - https:\/\/yoast.com\/wordpress\/plugins\/seo\/ -->\n<title>Politique de confidentialit\u00e9 - Editions Pha\u00e9ton<\/title>\n<meta name=\"robots\" content=\"index, follow, max-snippet:-1, max-image-preview:large, max-video-preview:-1\" \/>\n<link rel=\"canonical\" href=\"https:\/\/revue-phaeton.fr\/index.php\/politique-de-confidentialite\/\" \/>\n<meta property=\"og:locale\" content=\"fr_FR\" \/>\n<meta property=\"og:type\" content=\"article\" \/>\n<meta property=\"og:title\" content=\"Politique de confidentialit\u00e9 - Editions Pha\u00e9ton\" \/>\n<meta property=\"og:description\" content=\"La REVUE PHA\u00c9TON respecte les r\u00e9glementations europ\u00e9ennes et fran\u00e7aises qui lui sont applicables en mati\u00e8re de protection des donn\u00e9es personnelles, la loi \u00abInformatique et Libert\u00e9s\u00bb du 6 janvier 1978 modifi\u00e9e, la loi pour la \u00abConfiance et l\u2019Economie Num\u00e9rique\u00bb du 21 juin 2004 etle R\u00e8glement G\u00e9n\u00e9ral sur la Protection des Donn\u00e9es du 27 avril 2016. Les &hellip; Continuer la lecture de &laquo;&nbsp;Politique de confidentialit\u00e9&nbsp;&raquo;\" \/>\n<meta property=\"og:url\" content=\"https:\/\/revue-phaeton.fr\/index.php\/politique-de-confidentialite\/\" \/>\n<meta property=\"og:site_name\" content=\"Editions Pha\u00e9ton\" \/>\n<meta property=\"article:modified_time\" content=\"2019-02-03T17:32:33+00:00\" \/>\n<meta name=\"twitter:card\" content=\"summary_large_image\" \/>\n<meta name=\"twitter:label1\" content=\"Dur\u00e9e de lecture estim\u00e9e\" \/>\n\t<meta name=\"twitter:data1\" content=\"1 minute\" \/>\n<script type=\"application\/ld+json\" class=\"yoast-schema-graph\">{\"@context\":\"https:\/\/schema.org\",\"@graph\":[{\"@type\":\"WebPage\",\"@id\":\"https:\/\/revue-phaeton.fr\/index.php\/politique-de-confidentialite\/\",\"url\":\"https:\/\/revue-phaeton.fr\/index.php\/politique-de-confidentialite\/\",\"name\":\"Politique de confidentialit\u00e9 - Editions Pha\u00e9ton\",\"isPartOf\":{\"@id\":\"https:\/\/revue-phaeton.fr\/#website\"},\"datePublished\":\"2018-09-15T15:29:44+00:00\",\"dateModified\":\"2019-02-03T17:32:33+00:00\",\"breadcrumb\":{\"@id\":\"https:\/\/revue-phaeton.fr\/index.php\/politique-de-confidentialite\/#breadcrumb\"},\"inLanguage\":\"fr-FR\",\"potentialAction\":[{\"@type\":\"ReadAction\",\"target\":[\"https:\/\/revue-phaeton.fr\/index.php\/politique-de-confidentialite\/\"]}]},{\"@type\":\"BreadcrumbList\",\"@id\":\"https:\/\/revue-phaeton.fr\/index.php\/politique-de-confidentialite\/#breadcrumb\",\"itemListElement\":[{\"@type\":\"ListItem\",\"position\":1,\"name\":\"Accueil\",\"item\":\"https:\/\/revue-phaeton.fr\/\"},{\"@type\":\"ListItem\",\"position\":2,\"name\":\"Politique de confidentialit\u00e9\"}]},{\"@type\":\"WebSite\",\"@id\":\"https:\/\/revue-phaeton.fr\/#website\",\"url\":\"https:\/\/revue-phaeton.fr\/\",\"name\":\"Editions Pha\u00e9ton\",\"description\":\"Maison d&#039;\u00e9ditions \",\"potentialAction\":[{\"@type\":\"SearchAction\",\"target\":{\"@type\":\"EntryPoint\",\"urlTemplate\":\"https:\/\/revue-phaeton.fr\/?s={search_term_string}\"},\"query-input\":{\"@type\":\"PropertyValueSpecification\",\"valueRequired\":true,\"valueName\":\"search_term_string\"}}],\"inLanguage\":\"fr-FR\"}]}<\/script>\n<!-- \/ Yoast SEO plugin. -->","yoast_head_json":{"title":"Politique de confidentialit\u00e9 - Editions Pha\u00e9ton","robots":{"index":"index","follow":"follow","max-snippet":"max-snippet:-1","max-image-preview":"max-image-preview:large","max-video-preview":"max-video-preview:-1"},"canonical":"https:\/\/revue-phaeton.fr\/index.php\/politique-de-confidentialite\/","og_locale":"fr_FR","og_type":"article","og_title":"Politique de confidentialit\u00e9 - Editions Pha\u00e9ton","og_description":"La REVUE PHA\u00c9TON respecte les r\u00e9glementations europ\u00e9ennes et fran\u00e7aises qui lui sont applicables en mati\u00e8re de protection des donn\u00e9es personnelles, la loi \u00abInformatique et Libert\u00e9s\u00bb du 6 janvier 1978 modifi\u00e9e, la loi pour la \u00abConfiance et l\u2019Economie Num\u00e9rique\u00bb du 21 juin 2004 etle R\u00e8glement G\u00e9n\u00e9ral sur la Protection des Donn\u00e9es du 27 avril 2016. Les &hellip; Continuer la lecture de &laquo;&nbsp;Politique de confidentialit\u00e9&nbsp;&raquo;","og_url":"https:\/\/revue-phaeton.fr\/index.php\/politique-de-confidentialite\/","og_site_name":"Editions Pha\u00e9ton","article_modified_time":"2019-02-03T17:32:33+00:00","twitter_card":"summary_large_image","twitter_misc":{"Dur\u00e9e de lecture estim\u00e9e":"1 minute"},"schema":{"@context":"https:\/\/schema.org","@graph":[{"@type":"WebPage","@id":"https:\/\/revue-phaeton.fr\/index.php\/politique-de-confidentialite\/","url":"https:\/\/revue-phaeton.fr\/index.php\/politique-de-confidentialite\/","name":"Politique de confidentialit\u00e9 - Editions Pha\u00e9ton","isPartOf":{"@id":"https:\/\/revue-phaeton.fr\/#website"},"datePublished":"2018-09-15T15:29:44+00:00","dateModified":"2019-02-03T17:32:33+00:00","breadcrumb":{"@id":"https:\/\/revue-phaeton.fr\/index.php\/politique-de-confidentialite\/#breadcrumb"},"inLanguage":"fr-FR","potentialAction":[{"@type":"ReadAction","target":["https:\/\/revue-phaeton.fr\/index.php\/politique-de-confidentialite\/"]}]},{"@type":"BreadcrumbList","@id":"https:\/\/revue-phaeton.fr\/index.php\/politique-de-confidentialite\/#breadcrumb","itemListElement":[{"@type":"ListItem","position":1,"name":"Accueil","item":"https:\/\/revue-phaeton.fr\/"},{"@type":"ListItem","position":2,"name":"Politique de confidentialit\u00e9"}]},{"@type":"WebSite","@id":"https:\/\/revue-phaeton.fr\/#website","url":"https:\/\/revue-phaeton.fr\/","name":"Editions Pha\u00e9ton","description":"Maison d&#039;\u00e9ditions ","potentialAction":[{"@type":"SearchAction","target":{"@type":"EntryPoint","urlTemplate":"https:\/\/revue-phaeton.fr\/?s={search_term_string}"},"query-input":{"@type":"PropertyValueSpecification","valueRequired":true,"valueName":"search_term_string"}}],"inLanguage":"fr-FR"}]}},"_links":{"self":[{"href":"https:\/\/revue-phaeton.fr\/index.php\/wp-json\/wp\/v2\/pages\/384","targetHints":{"allow":["GET"]}}],"collection":[{"href":"https:\/\/revue-phaeton.fr\/index.php\/wp-json\/wp\/v2\/pages"}],"about":[{"href":"https:\/\/revue-phaeton.fr\/index.php\/wp-json\/wp\/v2\/types\/page"}],"author":[{"embeddable":true,"href":"https:\/\/revue-phaeton.fr\/index.php\/wp-json\/wp\/v2\/users\/1"}],"replies":[{"embeddable":true,"href":"https:\/\/revue-phaeton.fr\/index.php\/wp-json\/wp\/v2\/comments?post=384"}],"version-history":[{"count":5,"href":"https:\/\/revue-phaeton.fr\/index.php\/wp-json\/wp\/v2\/pages\/384\/revisions"}],"predecessor-version":[{"id":480,"href":"https:\/\/revue-phaeton.fr\/index.php\/wp-json\/wp\/v2\/pages\/384\/revisions\/480"}],"wp:attachment":[{"href":"https:\/\/revue-phaeton.fr\/index.php\/wp-json\/wp\/v2\/media?parent=384"}],"curies":[{"name":"wp","href":"https:\/\/api.w.org\/{rel}","templated":true}]}}