{"id":437,"date":"2015-02-03T17:19:18","date_gmt":"2015-02-03T16:19:18","guid":{"rendered":"http:\/\/revue-phaeton.fr\/?page_id=437"},"modified":"2023-04-02T17:15:30","modified_gmt":"2023-04-02T15:15:30","slug":"revue-phaeton-2015","status":"publish","type":"page","link":"https:\/\/revue-phaeton.fr\/index.php\/revue-phaeton-2015\/","title":{"rendered":"Voir la revue Pha\u00e9ton 2015"},"content":{"rendered":"\n<figure class=\"wp-block-image\"><img loading=\"lazy\" decoding=\"async\" width=\"1024\" height=\"1024\" src=\"http:\/\/revue-phaeton.fr\/wp-content\/uploads\/2019\/10\/phaeton-2015-1024x1024.png\" alt=\"Revue Phaeton 2015\" class=\"wp-image-525\" srcset=\"https:\/\/revue-phaeton.fr\/wp-content\/uploads\/2019\/10\/phaeton-2015-1024x1024.png 1024w, https:\/\/revue-phaeton.fr\/wp-content\/uploads\/2019\/10\/phaeton-2015-150x150.png 150w, https:\/\/revue-phaeton.fr\/wp-content\/uploads\/2019\/10\/phaeton-2015-300x300.png 300w, https:\/\/revue-phaeton.fr\/wp-content\/uploads\/2019\/10\/phaeton-2015-768x768.png 768w, https:\/\/revue-phaeton.fr\/wp-content\/uploads\/2019\/10\/phaeton-2015-100x100.png 100w, https:\/\/revue-phaeton.fr\/wp-content\/uploads\/2019\/10\/phaeton-2015.png 1711w\" sizes=\"auto, (max-width: 767px) 89vw, (max-width: 1000px) 54vw, (max-width: 1071px) 543px, 580px\" \/><\/figure>\n\n\n\n<p class=\"has-text-align-left\"><strong>Voir la Revue Pha\u00e9ton 2015 sur Calameo<\/strong> :<\/p>\n\n\n<div style=\"text-align: center; width:560px; margin: 12px auto;\"><div style=\"margin: 4px 0px;\"><a href=\"http:\/\/calameo.com\/books\/005572865d55ea7bc2d62\">View this publication on Calam&eacute;o<\/a><\/div><iframe loading=\"lazy\" src=\"\/\/v.calameo.com\/?bkcode=005572865d55ea7bc2d62&amp;language=fr&amp;page=&amp;showsharemenu=false&amp;mode=viewer&amp;view=book\" width=\"560\" height=\"350\" style=\"width:560px;height:350px\" frameborder=\"0\" scrolling=\"no\" allowtransparency allowfullscreen><\/iframe><div style=\"margin: 4px 0px; font-size: 90%;\"><a rel=\"nofollow\" href=\"http:\/\/calameo.com\/upload\">Publish<\/a> at <a href=\"http:\/\/calameo.com\">Calam&eacute;o<\/a> or <a href=\"http:\/\/calameo.com\/browse\/weekly\/?o=7&amp;w=DESC\">browse<\/a> the library.<\/div><\/div>\n\n\n\n<p><br><\/p>\n\n\n\n<p><a href=\"https:\/\/revue-phaeton.fr\/index.php\/2015\/05\/18\/revue-phaeton-2015\/\">Voir le sommaire complet de la Revue 2015<\/a><br><\/p>\n\n\n\n<p><strong>Les auteurs de la Revue Pha\u00e9ton 2015\u00a0:<\/strong><\/p>\n\n\n\n<ul class=\"wp-block-list\">\n<li><strong>Bernard de Fontenelle<\/strong>&nbsp;Puisque votre folie est si agr\u00e9able<\/li>\n\n\n\n<li><strong>Pierre Landete<\/strong> \u00c9ditorial<\/li>\n\n\n\n<li><strong>Corinne Martin-Guehl&nbsp;<\/strong>Hommage au professeur Jean Tignol<\/li>\n\n\n\n<li><strong>Amartya Sen <\/strong>R\u00e9flexions sur les \u00ab chemins de la libert\u00e9 \u00bb<\/li>\n\n\n\n<li>Marie-Claude B\u00e9lis-Bergouignan<\/li>\n\n\n\n<li><strong>Jacques Leng <\/strong>\u00c9loge de la mollesse,<\/li>\n\n\n\n<li><strong>Jean-Rodolphe Vignes<\/strong> Rimbaud et la synesth\u00e9sie<\/li>\n\n\n\n<li><strong>Carlos-Manuel Alves <\/strong>L\u2019environnement, facteur d\u2019av\u00e8nement d\u2019une R\u00e9publique Europ\u00e9enne<\/li>\n\n\n\n<li><strong>Jean Zay<\/strong> : pendant la panth\u00e9onisation, la pers\u00e9cution continue,<\/li>\n\n\n\n<li><strong>G\u00e9rard Boulanger<\/strong>&nbsp;Le pass\u00e9 d\u2019une esp\u00e9rance (1921-1991)<\/li>\n\n\n\n<li><strong>Julien Giudicelli&nbsp;<\/strong>Esquisse d\u2019une br\u00e8ve histoire du Parti communiste italien<\/li>\n\n\n\n<li><strong>Maud Asselain <\/strong>La prise en charge du risque de d\u00e9pendance<\/li>\n\n\n\n<li><strong>Jean-Michel Dev\u00e9sa<\/strong>&nbsp;Le D\u00e9sespoir, forme sup\u00e9rieure de la critique<\/li>\n\n\n\n<li><strong>Marie-H\u00e9l\u00e8ne Sainton<\/strong> Une [courte] histoire du mime<\/li>\n\n\n\n<li><strong>Libor Sir<\/strong>&nbsp;Photographies du mime Marceau<\/li>\n\n\n\n<li><strong>Jerzy Lewczynski&nbsp;<\/strong>Portrait de Barbara<\/li>\n\n\n\n<li><strong>Jo\u00ebl July&nbsp; <\/strong>G\u00f6ttingen, de la r\u00e9ticence \u00e0 l\u2019\u00e9vidence<\/li>\n\n\n\n<li><strong>Cathy Schein&nbsp; <\/strong>Mon bonheur<\/li>\n\n\n\n<li><strong>Salima Arbani<\/strong>&nbsp;Graffiti<\/li>\n\n\n\n<li><strong>Mich\u00e8le Delaunay&nbsp;<\/strong>Danger de vie<\/li>\n\n\n\n<li><strong>Maria Velho da Costa&nbsp;<\/strong>L\u2019oiseau rare<\/li>\n\n\n\n<li><strong>Vincent Cl\u00e9del&nbsp;<\/strong>Centre<\/li>\n\n\n\n<li><strong>Anne-Laure Boulanger&nbsp;<\/strong>Rayon de soleil<\/li>\n\n\n\n<li><strong>Brigitte Comard<\/strong> Les Louboutin,<\/li>\n<\/ul>\n\n\n\n<p><strong>Pour commander la revue <\/strong><strong><br>&gt;&gt;&nbsp;<a href=\"https:\/\/revue-phaeton.fr\/index.php\/bulletin-de-souscription\/\">bulletin de commande<\/a><\/strong><\/p>\n","protected":false},"excerpt":{"rendered":"<p>Voir la Revue Pha\u00e9ton 2015 sur Calameo : Voir le sommaire complet de la Revue 2015 Les auteurs de la Revue Pha\u00e9ton 2015\u00a0: Pour commander la revue &gt;&gt;&nbsp;bulletin de commande<\/p>\n","protected":false},"author":1,"featured_media":0,"parent":0,"menu_order":0,"comment_status":"closed","ping_status":"closed","template":"","meta":{"footnotes":""},"class_list":["post-437","page","type-page","status-publish","hentry"],"yoast_head":"<!-- This site is optimized with the Yoast SEO plugin v26.1.1 - https:\/\/yoast.com\/wordpress\/plugins\/seo\/ -->\n<title>Revue Pha\u00e9ton - Editions 2015<\/title>\n<meta name=\"description\" content=\"Revue Pha\u00e9ton - \u00c9ditions 2015 - D\u00e9couvrez l&#039;int\u00e9gralit\u00e9 de la revue.\" \/>\n<meta name=\"robots\" content=\"index, follow, max-snippet:-1, max-image-preview:large, max-video-preview:-1\" \/>\n<link rel=\"canonical\" href=\"https:\/\/revue-phaeton.fr\/index.php\/revue-phaeton-2015\/\" \/>\n<meta property=\"og:locale\" content=\"fr_FR\" \/>\n<meta property=\"og:type\" content=\"article\" \/>\n<meta property=\"og:title\" content=\"Revue Pha\u00e9ton - Editions 2015\" \/>\n<meta property=\"og:description\" content=\"Revue Pha\u00e9ton - \u00c9ditions 2015 - D\u00e9couvrez l&#039;int\u00e9gralit\u00e9 de la revue.\" \/>\n<meta property=\"og:url\" content=\"https:\/\/revue-phaeton.fr\/index.php\/revue-phaeton-2015\/\" \/>\n<meta property=\"og:site_name\" content=\"Editions Pha\u00e9ton\" \/>\n<meta property=\"article:modified_time\" content=\"2023-04-02T15:15:30+00:00\" \/>\n<meta property=\"og:image\" content=\"http:\/\/revue-phaeton.fr\/wp-content\/uploads\/2019\/10\/phaeton-2015-1024x1024.png\" \/>\n<meta name=\"twitter:card\" content=\"summary_large_image\" \/>\n<meta name=\"twitter:label1\" content=\"Dur\u00e9e de lecture estim\u00e9e\" \/>\n\t<meta name=\"twitter:data1\" content=\"1 minute\" \/>\n<script type=\"application\/ld+json\" class=\"yoast-schema-graph\">{\"@context\":\"https:\/\/schema.org\",\"@graph\":[{\"@type\":\"WebPage\",\"@id\":\"https:\/\/revue-phaeton.fr\/index.php\/revue-phaeton-2015\/\",\"url\":\"https:\/\/revue-phaeton.fr\/index.php\/revue-phaeton-2015\/\",\"name\":\"Revue Pha\u00e9ton - Editions 2015\",\"isPartOf\":{\"@id\":\"https:\/\/revue-phaeton.fr\/#website\"},\"primaryImageOfPage\":{\"@id\":\"https:\/\/revue-phaeton.fr\/index.php\/revue-phaeton-2015\/#primaryimage\"},\"image\":{\"@id\":\"https:\/\/revue-phaeton.fr\/index.php\/revue-phaeton-2015\/#primaryimage\"},\"thumbnailUrl\":\"http:\/\/revue-phaeton.fr\/wp-content\/uploads\/2019\/10\/phaeton-2015-1024x1024.png\",\"datePublished\":\"2015-02-03T16:19:18+00:00\",\"dateModified\":\"2023-04-02T15:15:30+00:00\",\"description\":\"Revue Pha\u00e9ton - \u00c9ditions 2015 - D\u00e9couvrez l'int\u00e9gralit\u00e9 de la revue.\",\"breadcrumb\":{\"@id\":\"https:\/\/revue-phaeton.fr\/index.php\/revue-phaeton-2015\/#breadcrumb\"},\"inLanguage\":\"fr-FR\",\"potentialAction\":[{\"@type\":\"ReadAction\",\"target\":[\"https:\/\/revue-phaeton.fr\/index.php\/revue-phaeton-2015\/\"]}]},{\"@type\":\"ImageObject\",\"inLanguage\":\"fr-FR\",\"@id\":\"https:\/\/revue-phaeton.fr\/index.php\/revue-phaeton-2015\/#primaryimage\",\"url\":\"http:\/\/revue-phaeton.fr\/wp-content\/uploads\/2019\/10\/phaeton-2015-1024x1024.png\",\"contentUrl\":\"http:\/\/revue-phaeton.fr\/wp-content\/uploads\/2019\/10\/phaeton-2015-1024x1024.png\"},{\"@type\":\"BreadcrumbList\",\"@id\":\"https:\/\/revue-phaeton.fr\/index.php\/revue-phaeton-2015\/#breadcrumb\",\"itemListElement\":[{\"@type\":\"ListItem\",\"position\":1,\"name\":\"Accueil\",\"item\":\"https:\/\/revue-phaeton.fr\/\"},{\"@type\":\"ListItem\",\"position\":2,\"name\":\"Voir la revue Pha\u00e9ton 2015\"}]},{\"@type\":\"WebSite\",\"@id\":\"https:\/\/revue-phaeton.fr\/#website\",\"url\":\"https:\/\/revue-phaeton.fr\/\",\"name\":\"Editions Pha\u00e9ton\",\"description\":\"Maison d&#039;\u00e9ditions \",\"potentialAction\":[{\"@type\":\"SearchAction\",\"target\":{\"@type\":\"EntryPoint\",\"urlTemplate\":\"https:\/\/revue-phaeton.fr\/?s={search_term_string}\"},\"query-input\":{\"@type\":\"PropertyValueSpecification\",\"valueRequired\":true,\"valueName\":\"search_term_string\"}}],\"inLanguage\":\"fr-FR\"}]}<\/script>\n<!-- \/ Yoast SEO plugin. -->","yoast_head_json":{"title":"Revue Pha\u00e9ton - Editions 2015","description":"Revue Pha\u00e9ton - \u00c9ditions 2015 - D\u00e9couvrez l'int\u00e9gralit\u00e9 de la revue.","robots":{"index":"index","follow":"follow","max-snippet":"max-snippet:-1","max-image-preview":"max-image-preview:large","max-video-preview":"max-video-preview:-1"},"canonical":"https:\/\/revue-phaeton.fr\/index.php\/revue-phaeton-2015\/","og_locale":"fr_FR","og_type":"article","og_title":"Revue Pha\u00e9ton - Editions 2015","og_description":"Revue Pha\u00e9ton - \u00c9ditions 2015 - D\u00e9couvrez l'int\u00e9gralit\u00e9 de la revue.","og_url":"https:\/\/revue-phaeton.fr\/index.php\/revue-phaeton-2015\/","og_site_name":"Editions Pha\u00e9ton","article_modified_time":"2023-04-02T15:15:30+00:00","og_image":[{"url":"http:\/\/revue-phaeton.fr\/wp-content\/uploads\/2019\/10\/phaeton-2015-1024x1024.png","type":"","width":"","height":""}],"twitter_card":"summary_large_image","twitter_misc":{"Dur\u00e9e de lecture estim\u00e9e":"1 minute"},"schema":{"@context":"https:\/\/schema.org","@graph":[{"@type":"WebPage","@id":"https:\/\/revue-phaeton.fr\/index.php\/revue-phaeton-2015\/","url":"https:\/\/revue-phaeton.fr\/index.php\/revue-phaeton-2015\/","name":"Revue Pha\u00e9ton - Editions 2015","isPartOf":{"@id":"https:\/\/revue-phaeton.fr\/#website"},"primaryImageOfPage":{"@id":"https:\/\/revue-phaeton.fr\/index.php\/revue-phaeton-2015\/#primaryimage"},"image":{"@id":"https:\/\/revue-phaeton.fr\/index.php\/revue-phaeton-2015\/#primaryimage"},"thumbnailUrl":"http:\/\/revue-phaeton.fr\/wp-content\/uploads\/2019\/10\/phaeton-2015-1024x1024.png","datePublished":"2015-02-03T16:19:18+00:00","dateModified":"2023-04-02T15:15:30+00:00","description":"Revue Pha\u00e9ton - \u00c9ditions 2015 - D\u00e9couvrez l'int\u00e9gralit\u00e9 de la revue.","breadcrumb":{"@id":"https:\/\/revue-phaeton.fr\/index.php\/revue-phaeton-2015\/#breadcrumb"},"inLanguage":"fr-FR","potentialAction":[{"@type":"ReadAction","target":["https:\/\/revue-phaeton.fr\/index.php\/revue-phaeton-2015\/"]}]},{"@type":"ImageObject","inLanguage":"fr-FR","@id":"https:\/\/revue-phaeton.fr\/index.php\/revue-phaeton-2015\/#primaryimage","url":"http:\/\/revue-phaeton.fr\/wp-content\/uploads\/2019\/10\/phaeton-2015-1024x1024.png","contentUrl":"http:\/\/revue-phaeton.fr\/wp-content\/uploads\/2019\/10\/phaeton-2015-1024x1024.png"},{"@type":"BreadcrumbList","@id":"https:\/\/revue-phaeton.fr\/index.php\/revue-phaeton-2015\/#breadcrumb","itemListElement":[{"@type":"ListItem","position":1,"name":"Accueil","item":"https:\/\/revue-phaeton.fr\/"},{"@type":"ListItem","position":2,"name":"Voir la revue Pha\u00e9ton 2015"}]},{"@type":"WebSite","@id":"https:\/\/revue-phaeton.fr\/#website","url":"https:\/\/revue-phaeton.fr\/","name":"Editions Pha\u00e9ton","description":"Maison d&#039;\u00e9ditions ","potentialAction":[{"@type":"SearchAction","target":{"@type":"EntryPoint","urlTemplate":"https:\/\/revue-phaeton.fr\/?s={search_term_string}"},"query-input":{"@type":"PropertyValueSpecification","valueRequired":true,"valueName":"search_term_string"}}],"inLanguage":"fr-FR"}]}},"_links":{"self":[{"href":"https:\/\/revue-phaeton.fr\/index.php\/wp-json\/wp\/v2\/pages\/437","targetHints":{"allow":["GET"]}}],"collection":[{"href":"https:\/\/revue-phaeton.fr\/index.php\/wp-json\/wp\/v2\/pages"}],"about":[{"href":"https:\/\/revue-phaeton.fr\/index.php\/wp-json\/wp\/v2\/types\/page"}],"author":[{"embeddable":true,"href":"https:\/\/revue-phaeton.fr\/index.php\/wp-json\/wp\/v2\/users\/1"}],"replies":[{"embeddable":true,"href":"https:\/\/revue-phaeton.fr\/index.php\/wp-json\/wp\/v2\/comments?post=437"}],"version-history":[{"count":10,"href":"https:\/\/revue-phaeton.fr\/index.php\/wp-json\/wp\/v2\/pages\/437\/revisions"}],"predecessor-version":[{"id":1005,"href":"https:\/\/revue-phaeton.fr\/index.php\/wp-json\/wp\/v2\/pages\/437\/revisions\/1005"}],"wp:attachment":[{"href":"https:\/\/revue-phaeton.fr\/index.php\/wp-json\/wp\/v2\/media?parent=437"}],"curies":[{"name":"wp","href":"https:\/\/api.w.org\/{rel}","templated":true}]}}