{"id":443,"date":"2016-02-03T17:20:57","date_gmt":"2016-02-03T16:20:57","guid":{"rendered":"http:\/\/revue-phaeton.fr\/?page_id=443"},"modified":"2023-04-02T17:05:52","modified_gmt":"2023-04-02T15:05:52","slug":"revue-phaeton-2016","status":"publish","type":"page","link":"https:\/\/revue-phaeton.fr\/index.php\/revue-phaeton-2016\/","title":{"rendered":"Voir la revue Pha\u00e9ton 2016"},"content":{"rendered":"<a href=\"https:\/\/revue-phaeton.fr\/wp-content\/uploads\/2019\/10\/PHAETON-2016-Revue-de\u0301finitive-20.10.2016.pdf\" class=\"pdfemb-viewer\" style=\"\" data-width=\"max\" data-height=\"max\" data-toolbar=\"bottom\" data-toolbar-fixed=\"off\">PHAETON-2016-Revue-de\u0301finitive-20.10.2016<\/a>\n<p class=\"wp-block-pdfemb-pdf-embedder-viewer\"><\/p>\n\n\n\n<p><a href=\"https:\/\/revue-phaeton.fr\/index.php\/2016\/02\/03\/sommaire-revue-phaeton-2016\/\">Voir le sommaire complet de la revue Pha\u00e9ton 2016<\/a><\/p>\n\n\n\n<p><strong>Les auteurs de la Revue 2016<\/strong><\/p>\n\n\n\n<ul class=\"wp-block-list\">\n<li><strong>Pierre Landete<\/strong><\/li>\n\n\n\n<li><strong>Libor Sir<\/strong> \u00ab Dal\u00ed et son jeune l\u00e9opard \u00bb, photographie<\/li>\n\n\n\n<li><strong>Camille-Jean Izard<\/strong> Un ma\u00eetre de la mystique : St. Jean de la Croix<\/li>\n\n\n\n<li><strong>Jacques Demorgon<\/strong> L\u2019homme antagoniste<\/li>\n\n\n\n<li><strong>Paule B\u00e9terous<\/strong> Juana de Asbaje y Ramirez (1648-1695), une \u0153uvre entre deux mondes<\/li>\n\n\n\n<li><strong>Christophe Bergouignan<\/strong> Comparer le \u00abniveau d\u2019\u00e9ducation\u00bb des populations, comment et pour quoi faire ?<\/li>\n\n\n\n<li><strong>Olivier Giron<\/strong> D\u00e9ploiement, d\u00e9voilement, d\u00e9voiement dans \u00c0 la recherche du temps perdu : le cas Charlus<\/li>\n\n\n\n<li><strong>Patrick Chastenet<\/strong> Ellul pour les (pas si) nuls !<\/li>\n\n\n\n<li>Evelyne Petiteau \u00ab Elles \u00bb, dessin<\/li>\n\n\n\n<li><strong>Roberto Giosta<\/strong> \u00ab Bird-tori \u00bb et \u00ab Dog-Inu \u00bb, photographies<\/li>\n\n\n\n<li><strong>Sophie Jaussi<\/strong> La parole-fant\u00f4me : un \u00e9cho hant\u00e9<\/li>\n\n\n\n<li><strong>Claire Mestre<\/strong> Le tigre et le papillon<\/li>\n\n\n\n<li><strong>A. Theval<\/strong> illustration<\/li>\n\n\n\n<li><strong>Guillaume Romeguer<\/strong><strong>e<\/strong> Autoportrait entre Thalie et M\u00e9lpom\u00e8ne, photographie<\/li>\n\n\n\n<li><strong>Mary Chestnut, Benoit Labeuchigue et Andr\u00e9 Tempon<\/strong> Sur les pr\u00e9s et dans les temples : le rugby<\/li>\n\n\n\n<li><strong>Pierre Landete<\/strong> La \u00d9ltima flor, Ronald Vega (traduction en fran\u00e7ais)<\/li>\n\n\n\n<li><strong>Pierre Feytout<\/strong> \u00ab Le Palais de la couronne \u00bb, photographie<\/li>\n\n\n\n<li><strong>Jean-Bernard Laclotte<\/strong> La chute de Pierrot<\/li>\n\n\n\n<li><strong>Emmanuel Tignol<\/strong> La fille au pull bleu (esquisse d\u2019une extase&#8230;)<\/li>\n\n\n\n<li>L\u2019oc\u00e9an Papillon, <strong>Marie Laugery<\/strong><\/li>\n\n\n\n<li><strong>Georges Courteline<\/strong> Gendarme, vous \u00eates une moule !<\/li>\n\n\n\n<li>Photographie de <strong>Concha Castillo, Christelle P\u00e9tard<\/strong><br>Questionnaire de Proust,<strong> Concha Castillo<\/strong><\/li>\n\n\n\n<li>D\u00e9gustation, la Parcelle 45, photographie de <strong>Pierre Feytout<\/strong><\/li>\n<\/ul>\n\n\n\n<p><strong>Pour commander la revue <\/strong><strong><br>&gt;&gt;&nbsp;<a href=\"https:\/\/revue-phaeton.fr\/index.php\/bulletin-de-souscription\/\">bulletin de commande<\/a><\/strong><\/p>\n","protected":false},"excerpt":{"rendered":"<p>Voir le sommaire complet de la revue Pha\u00e9ton 2016 Les auteurs de la Revue 2016 Pour commander la revue &gt;&gt;&nbsp;bulletin de commande<\/p>\n","protected":false},"author":1,"featured_media":0,"parent":0,"menu_order":0,"comment_status":"closed","ping_status":"closed","template":"","meta":{"footnotes":""},"class_list":["post-443","page","type-page","status-publish","hentry"],"yoast_head":"<!-- This site is optimized with the Yoast SEO plugin v26.1.1 - https:\/\/yoast.com\/wordpress\/plugins\/seo\/ -->\n<title>Revue Pha\u00e9ton - Editions 2016<\/title>\n<meta name=\"description\" content=\"Revue Pha\u00e9ton - Voir l&#039;int\u00e9gralit\u00e9 de l&#039;\u00e9dition 2016\" \/>\n<meta name=\"robots\" content=\"index, follow, max-snippet:-1, max-image-preview:large, max-video-preview:-1\" \/>\n<link rel=\"canonical\" href=\"https:\/\/revue-phaeton.fr\/index.php\/revue-phaeton-2016\/\" \/>\n<meta property=\"og:locale\" content=\"fr_FR\" \/>\n<meta property=\"og:type\" content=\"article\" \/>\n<meta property=\"og:title\" content=\"Revue Pha\u00e9ton - Editions 2016\" \/>\n<meta property=\"og:description\" content=\"Revue Pha\u00e9ton - Voir l&#039;int\u00e9gralit\u00e9 de l&#039;\u00e9dition 2016\" \/>\n<meta property=\"og:url\" content=\"https:\/\/revue-phaeton.fr\/index.php\/revue-phaeton-2016\/\" \/>\n<meta property=\"og:site_name\" content=\"Editions Pha\u00e9ton\" \/>\n<meta property=\"article:modified_time\" content=\"2023-04-02T15:05:52+00:00\" \/>\n<meta name=\"twitter:card\" content=\"summary_large_image\" \/>\n<meta name=\"twitter:label1\" content=\"Dur\u00e9e de lecture estim\u00e9e\" \/>\n\t<meta name=\"twitter:data1\" content=\"1 minute\" \/>\n<script type=\"application\/ld+json\" class=\"yoast-schema-graph\">{\"@context\":\"https:\/\/schema.org\",\"@graph\":[{\"@type\":\"WebPage\",\"@id\":\"https:\/\/revue-phaeton.fr\/index.php\/revue-phaeton-2016\/\",\"url\":\"https:\/\/revue-phaeton.fr\/index.php\/revue-phaeton-2016\/\",\"name\":\"Revue Pha\u00e9ton - Editions 2016\",\"isPartOf\":{\"@id\":\"https:\/\/revue-phaeton.fr\/#website\"},\"datePublished\":\"2016-02-03T16:20:57+00:00\",\"dateModified\":\"2023-04-02T15:05:52+00:00\",\"description\":\"Revue Pha\u00e9ton - Voir l'int\u00e9gralit\u00e9 de l'\u00e9dition 2016\",\"breadcrumb\":{\"@id\":\"https:\/\/revue-phaeton.fr\/index.php\/revue-phaeton-2016\/#breadcrumb\"},\"inLanguage\":\"fr-FR\",\"potentialAction\":[{\"@type\":\"ReadAction\",\"target\":[\"https:\/\/revue-phaeton.fr\/index.php\/revue-phaeton-2016\/\"]}]},{\"@type\":\"BreadcrumbList\",\"@id\":\"https:\/\/revue-phaeton.fr\/index.php\/revue-phaeton-2016\/#breadcrumb\",\"itemListElement\":[{\"@type\":\"ListItem\",\"position\":1,\"name\":\"Accueil\",\"item\":\"https:\/\/revue-phaeton.fr\/\"},{\"@type\":\"ListItem\",\"position\":2,\"name\":\"Voir la revue Pha\u00e9ton 2016\"}]},{\"@type\":\"WebSite\",\"@id\":\"https:\/\/revue-phaeton.fr\/#website\",\"url\":\"https:\/\/revue-phaeton.fr\/\",\"name\":\"Editions Pha\u00e9ton\",\"description\":\"Maison d&#039;\u00e9ditions \",\"potentialAction\":[{\"@type\":\"SearchAction\",\"target\":{\"@type\":\"EntryPoint\",\"urlTemplate\":\"https:\/\/revue-phaeton.fr\/?s={search_term_string}\"},\"query-input\":{\"@type\":\"PropertyValueSpecification\",\"valueRequired\":true,\"valueName\":\"search_term_string\"}}],\"inLanguage\":\"fr-FR\"}]}<\/script>\n<!-- \/ Yoast SEO plugin. -->","yoast_head_json":{"title":"Revue Pha\u00e9ton - Editions 2016","description":"Revue Pha\u00e9ton - Voir l'int\u00e9gralit\u00e9 de l'\u00e9dition 2016","robots":{"index":"index","follow":"follow","max-snippet":"max-snippet:-1","max-image-preview":"max-image-preview:large","max-video-preview":"max-video-preview:-1"},"canonical":"https:\/\/revue-phaeton.fr\/index.php\/revue-phaeton-2016\/","og_locale":"fr_FR","og_type":"article","og_title":"Revue Pha\u00e9ton - Editions 2016","og_description":"Revue Pha\u00e9ton - Voir l'int\u00e9gralit\u00e9 de l'\u00e9dition 2016","og_url":"https:\/\/revue-phaeton.fr\/index.php\/revue-phaeton-2016\/","og_site_name":"Editions Pha\u00e9ton","article_modified_time":"2023-04-02T15:05:52+00:00","twitter_card":"summary_large_image","twitter_misc":{"Dur\u00e9e de lecture estim\u00e9e":"1 minute"},"schema":{"@context":"https:\/\/schema.org","@graph":[{"@type":"WebPage","@id":"https:\/\/revue-phaeton.fr\/index.php\/revue-phaeton-2016\/","url":"https:\/\/revue-phaeton.fr\/index.php\/revue-phaeton-2016\/","name":"Revue Pha\u00e9ton - Editions 2016","isPartOf":{"@id":"https:\/\/revue-phaeton.fr\/#website"},"datePublished":"2016-02-03T16:20:57+00:00","dateModified":"2023-04-02T15:05:52+00:00","description":"Revue Pha\u00e9ton - Voir l'int\u00e9gralit\u00e9 de l'\u00e9dition 2016","breadcrumb":{"@id":"https:\/\/revue-phaeton.fr\/index.php\/revue-phaeton-2016\/#breadcrumb"},"inLanguage":"fr-FR","potentialAction":[{"@type":"ReadAction","target":["https:\/\/revue-phaeton.fr\/index.php\/revue-phaeton-2016\/"]}]},{"@type":"BreadcrumbList","@id":"https:\/\/revue-phaeton.fr\/index.php\/revue-phaeton-2016\/#breadcrumb","itemListElement":[{"@type":"ListItem","position":1,"name":"Accueil","item":"https:\/\/revue-phaeton.fr\/"},{"@type":"ListItem","position":2,"name":"Voir la revue Pha\u00e9ton 2016"}]},{"@type":"WebSite","@id":"https:\/\/revue-phaeton.fr\/#website","url":"https:\/\/revue-phaeton.fr\/","name":"Editions Pha\u00e9ton","description":"Maison d&#039;\u00e9ditions ","potentialAction":[{"@type":"SearchAction","target":{"@type":"EntryPoint","urlTemplate":"https:\/\/revue-phaeton.fr\/?s={search_term_string}"},"query-input":{"@type":"PropertyValueSpecification","valueRequired":true,"valueName":"search_term_string"}}],"inLanguage":"fr-FR"}]}},"_links":{"self":[{"href":"https:\/\/revue-phaeton.fr\/index.php\/wp-json\/wp\/v2\/pages\/443","targetHints":{"allow":["GET"]}}],"collection":[{"href":"https:\/\/revue-phaeton.fr\/index.php\/wp-json\/wp\/v2\/pages"}],"about":[{"href":"https:\/\/revue-phaeton.fr\/index.php\/wp-json\/wp\/v2\/types\/page"}],"author":[{"embeddable":true,"href":"https:\/\/revue-phaeton.fr\/index.php\/wp-json\/wp\/v2\/users\/1"}],"replies":[{"embeddable":true,"href":"https:\/\/revue-phaeton.fr\/index.php\/wp-json\/wp\/v2\/comments?post=443"}],"version-history":[{"count":12,"href":"https:\/\/revue-phaeton.fr\/index.php\/wp-json\/wp\/v2\/pages\/443\/revisions"}],"predecessor-version":[{"id":1004,"href":"https:\/\/revue-phaeton.fr\/index.php\/wp-json\/wp\/v2\/pages\/443\/revisions\/1004"}],"wp:attachment":[{"href":"https:\/\/revue-phaeton.fr\/index.php\/wp-json\/wp\/v2\/media?parent=443"}],"curies":[{"name":"wp","href":"https:\/\/api.w.org\/{rel}","templated":true}]}}