{"id":578,"date":"2018-10-07T17:04:27","date_gmt":"2018-10-07T15:04:27","guid":{"rendered":"https:\/\/revue-phaeton.fr\/?page_id=578"},"modified":"2023-04-02T16:23:20","modified_gmt":"2023-04-02T14:23:20","slug":"voir-la-revue-phaeton-2018","status":"publish","type":"page","link":"https:\/\/revue-phaeton.fr\/index.php\/voir-la-revue-phaeton-2018\/","title":{"rendered":"Voir la revue Pha\u00e9ton 2018"},"content":{"rendered":"<a href=\"https:\/\/revue-phaeton.fr\/wp-content\/uploads\/2019\/10\/Phaeton-2018.pdf\" class=\"pdfemb-viewer\" style=\"\" data-width=\"max\" data-height=\"max\" data-toolbar=\"bottom\" data-toolbar-fixed=\"off\">Phaeton-2018<\/a>\n<p class=\"wp-block-pdfemb-pdf-embedder-viewer\"><\/p>\n\n\n\n<p>><a href=\"https:\/\/revue-phaeton.fr\/index.php\/2018\/10\/07\/sommaire-2018\/\"> Voir le sommaire complet de la Revue Pha\u00e9ton 2018<\/a><br><\/p>\n\n\n\n<p><strong>Les auteurs de la Revue Pha\u00e9ton 2018<\/strong><\/p>\n\n\n\n<ul class=\"wp-block-list\">\n<li><strong>Pierre Landete<\/strong> <em>La repr\u00e9sentation de Sappho de Mytil\u00e8ne dans la Basilique Pythagoricienne de la Porte Majeure \u00e0 Rome<\/em><\/li>\n\n\n\n<li><strong>Julien Giudicelli<\/strong>, <em>L\u2019illusion repr\u00e9sentative<\/em><\/li>\n\n\n\n<li><strong>\u00c9ric Berr<\/strong>, <em>Une trag\u00e9die \u00e9conomique en trois actes<\/em><\/li>\n\n\n\n<li><strong>G\u00e9rard Boulanger<\/strong>, <em>Pour une construction citoyenne du monde<\/em><br><em>Un an apr\u00e8s Seattle \u2013 Mondialisation et citoyennet\u00e9<\/em><\/li>\n\n\n\n<li><strong>Pierre-Marie Chauvin<\/strong>, <em>La r\u00e9putation comme douceur imaginaire<\/em><\/li>\n\n\n\n<li><strong>Victor Hugo<\/strong> <em>L\u2019enfant grec<\/em><\/li>\n\n\n\n<li><strong>Alfred de Musset<\/strong> <em>Histoire d\u2019un merle blanc<\/em><\/li>\n\n\n\n<li><strong>Alain Chasseraud<\/strong>, <em>Les R\u00e9publicains espagnols de La Nueve<\/em><\/li>\n\n\n\n<li><strong>Michel Wiedemann<\/strong>, <em>Les cartes postales d\u2019hier et d\u2019aujourd\u2019hu<\/em>i<\/li>\n\n\n\n<li><strong>Marie-H\u00e9l\u00e8ne Gauthier<\/strong>,<em> Handicap et fratrie<\/em><\/li>\n\n\n\n<li><strong>Pierre L\u00e9glise-Costa<\/strong>, Marie I, <em>Reine pieuse et folle<\/em><\/li>\n\n\n\n<li><strong>Lucr\u00e8ce<\/strong>,<em> L\u2019id\u00e9e des dieux na\u00eet de l\u2019angoisse des hommes<\/em><\/li>\n\n\n\n<li><strong>Ernest Renan<\/strong>, <em>Pri\u00e8re sur l\u2019Acropole<\/em><\/li>\n\n\n\n<li><strong>Prosper M\u00e9rim\u00e9e<\/strong>, <em>Paysage Grec<\/em><\/li>\n\n\n\n<li><strong>Byron<\/strong>, <em>Childe Harold\u2019s Pilgrimage<\/em><\/li>\n\n\n\n<li><strong>\u00c9ric Pautrel<\/strong>, <em>Une mer de Diamant<\/em><\/li>\n\n\n\n<li><strong>Marie-Claude Bergouignan<\/strong>, <em>Celles que nous aimons sans le savoir<\/em><\/li>\n\n\n\n<li><strong>Miguel Blanco<\/strong>, <em>En calle<\/em><\/li>\n\n\n\n<li><strong>Sandrine Doucet<\/strong>, <em>Mai 68, Mai 2018 \u2013 Que sont les \u00e9tudiants devenus ?<\/em><\/li>\n\n\n\n<li><strong>Michel Rey <\/strong>Illustration : <em>Trait d\u2019esprit<\/em><\/li>\n\n\n\n<li><strong>Marie-Jos\u00e9 Cameleyre<\/strong> <em>Mai 68 en 725 mots<\/em>.<\/li>\n\n\n\n<li><strong>Candide d\u2019Arg-Hanlieu<\/strong> <em>Questionnaire de Proust<\/em><\/li>\n\n\n\n<li><strong>Philippe Vranck<\/strong>, <em>Flamenco hors zone<\/em><\/li>\n<\/ul>\n\n\n\n<p><strong>Pour commander la revue :<br>>>\u00a0<a href=\"https:\/\/revue-phaeton.fr\/index.php\/bulletin-de-souscription\/\">bulletin de commande<\/a><\/strong><\/p>\n","protected":false},"excerpt":{"rendered":"<p>> Voir le sommaire complet de la Revue Pha\u00e9ton 2018 Les auteurs de la Revue Pha\u00e9ton 2018 Pour commander la revue :>>\u00a0bulletin de commande<\/p>\n","protected":false},"author":1,"featured_media":0,"parent":0,"menu_order":0,"comment_status":"closed","ping_status":"closed","template":"","meta":{"footnotes":""},"class_list":["post-578","page","type-page","status-publish","hentry"],"yoast_head":"<!-- This site is optimized with the Yoast SEO plugin v26.1.1 - https:\/\/yoast.com\/wordpress\/plugins\/seo\/ -->\n<title>Voir la revue Pha\u00e9ton 2018 - Editions Pha\u00e9ton<\/title>\n<meta name=\"robots\" content=\"index, follow, max-snippet:-1, max-image-preview:large, max-video-preview:-1\" \/>\n<link rel=\"canonical\" href=\"https:\/\/revue-phaeton.fr\/index.php\/voir-la-revue-phaeton-2018\/\" \/>\n<meta property=\"og:locale\" content=\"fr_FR\" \/>\n<meta property=\"og:type\" content=\"article\" \/>\n<meta property=\"og:title\" content=\"Voir la revue Pha\u00e9ton 2018 - Editions Pha\u00e9ton\" \/>\n<meta property=\"og:description\" content=\"&gt; Voir le sommaire complet de la Revue Pha\u00e9ton 2018 Les auteurs de la Revue Pha\u00e9ton 2018 Pour commander la revue :&gt;&gt;\u00a0bulletin de commande\" \/>\n<meta property=\"og:url\" content=\"https:\/\/revue-phaeton.fr\/index.php\/voir-la-revue-phaeton-2018\/\" \/>\n<meta property=\"og:site_name\" content=\"Editions Pha\u00e9ton\" \/>\n<meta property=\"article:modified_time\" content=\"2023-04-02T14:23:20+00:00\" \/>\n<meta name=\"twitter:card\" content=\"summary_large_image\" \/>\n<meta name=\"twitter:label1\" content=\"Dur\u00e9e de lecture estim\u00e9e\" \/>\n\t<meta name=\"twitter:data1\" content=\"1 minute\" \/>\n<script type=\"application\/ld+json\" class=\"yoast-schema-graph\">{\"@context\":\"https:\/\/schema.org\",\"@graph\":[{\"@type\":\"WebPage\",\"@id\":\"https:\/\/revue-phaeton.fr\/index.php\/voir-la-revue-phaeton-2018\/\",\"url\":\"https:\/\/revue-phaeton.fr\/index.php\/voir-la-revue-phaeton-2018\/\",\"name\":\"Voir la revue Pha\u00e9ton 2018 - Editions Pha\u00e9ton\",\"isPartOf\":{\"@id\":\"https:\/\/revue-phaeton.fr\/#website\"},\"datePublished\":\"2018-10-07T15:04:27+00:00\",\"dateModified\":\"2023-04-02T14:23:20+00:00\",\"breadcrumb\":{\"@id\":\"https:\/\/revue-phaeton.fr\/index.php\/voir-la-revue-phaeton-2018\/#breadcrumb\"},\"inLanguage\":\"fr-FR\",\"potentialAction\":[{\"@type\":\"ReadAction\",\"target\":[\"https:\/\/revue-phaeton.fr\/index.php\/voir-la-revue-phaeton-2018\/\"]}]},{\"@type\":\"BreadcrumbList\",\"@id\":\"https:\/\/revue-phaeton.fr\/index.php\/voir-la-revue-phaeton-2018\/#breadcrumb\",\"itemListElement\":[{\"@type\":\"ListItem\",\"position\":1,\"name\":\"Accueil\",\"item\":\"https:\/\/revue-phaeton.fr\/\"},{\"@type\":\"ListItem\",\"position\":2,\"name\":\"Voir la revue Pha\u00e9ton 2018\"}]},{\"@type\":\"WebSite\",\"@id\":\"https:\/\/revue-phaeton.fr\/#website\",\"url\":\"https:\/\/revue-phaeton.fr\/\",\"name\":\"Editions Pha\u00e9ton\",\"description\":\"Maison d&#039;\u00e9ditions \",\"potentialAction\":[{\"@type\":\"SearchAction\",\"target\":{\"@type\":\"EntryPoint\",\"urlTemplate\":\"https:\/\/revue-phaeton.fr\/?s={search_term_string}\"},\"query-input\":{\"@type\":\"PropertyValueSpecification\",\"valueRequired\":true,\"valueName\":\"search_term_string\"}}],\"inLanguage\":\"fr-FR\"}]}<\/script>\n<!-- \/ Yoast SEO plugin. -->","yoast_head_json":{"title":"Voir la revue Pha\u00e9ton 2018 - Editions Pha\u00e9ton","robots":{"index":"index","follow":"follow","max-snippet":"max-snippet:-1","max-image-preview":"max-image-preview:large","max-video-preview":"max-video-preview:-1"},"canonical":"https:\/\/revue-phaeton.fr\/index.php\/voir-la-revue-phaeton-2018\/","og_locale":"fr_FR","og_type":"article","og_title":"Voir la revue Pha\u00e9ton 2018 - Editions Pha\u00e9ton","og_description":"> Voir le sommaire complet de la Revue Pha\u00e9ton 2018 Les auteurs de la Revue Pha\u00e9ton 2018 Pour commander la revue :>>\u00a0bulletin de commande","og_url":"https:\/\/revue-phaeton.fr\/index.php\/voir-la-revue-phaeton-2018\/","og_site_name":"Editions Pha\u00e9ton","article_modified_time":"2023-04-02T14:23:20+00:00","twitter_card":"summary_large_image","twitter_misc":{"Dur\u00e9e de lecture estim\u00e9e":"1 minute"},"schema":{"@context":"https:\/\/schema.org","@graph":[{"@type":"WebPage","@id":"https:\/\/revue-phaeton.fr\/index.php\/voir-la-revue-phaeton-2018\/","url":"https:\/\/revue-phaeton.fr\/index.php\/voir-la-revue-phaeton-2018\/","name":"Voir la revue Pha\u00e9ton 2018 - Editions Pha\u00e9ton","isPartOf":{"@id":"https:\/\/revue-phaeton.fr\/#website"},"datePublished":"2018-10-07T15:04:27+00:00","dateModified":"2023-04-02T14:23:20+00:00","breadcrumb":{"@id":"https:\/\/revue-phaeton.fr\/index.php\/voir-la-revue-phaeton-2018\/#breadcrumb"},"inLanguage":"fr-FR","potentialAction":[{"@type":"ReadAction","target":["https:\/\/revue-phaeton.fr\/index.php\/voir-la-revue-phaeton-2018\/"]}]},{"@type":"BreadcrumbList","@id":"https:\/\/revue-phaeton.fr\/index.php\/voir-la-revue-phaeton-2018\/#breadcrumb","itemListElement":[{"@type":"ListItem","position":1,"name":"Accueil","item":"https:\/\/revue-phaeton.fr\/"},{"@type":"ListItem","position":2,"name":"Voir la revue Pha\u00e9ton 2018"}]},{"@type":"WebSite","@id":"https:\/\/revue-phaeton.fr\/#website","url":"https:\/\/revue-phaeton.fr\/","name":"Editions Pha\u00e9ton","description":"Maison d&#039;\u00e9ditions ","potentialAction":[{"@type":"SearchAction","target":{"@type":"EntryPoint","urlTemplate":"https:\/\/revue-phaeton.fr\/?s={search_term_string}"},"query-input":{"@type":"PropertyValueSpecification","valueRequired":true,"valueName":"search_term_string"}}],"inLanguage":"fr-FR"}]}},"_links":{"self":[{"href":"https:\/\/revue-phaeton.fr\/index.php\/wp-json\/wp\/v2\/pages\/578","targetHints":{"allow":["GET"]}}],"collection":[{"href":"https:\/\/revue-phaeton.fr\/index.php\/wp-json\/wp\/v2\/pages"}],"about":[{"href":"https:\/\/revue-phaeton.fr\/index.php\/wp-json\/wp\/v2\/types\/page"}],"author":[{"embeddable":true,"href":"https:\/\/revue-phaeton.fr\/index.php\/wp-json\/wp\/v2\/users\/1"}],"replies":[{"embeddable":true,"href":"https:\/\/revue-phaeton.fr\/index.php\/wp-json\/wp\/v2\/comments?post=578"}],"version-history":[{"count":3,"href":"https:\/\/revue-phaeton.fr\/index.php\/wp-json\/wp\/v2\/pages\/578\/revisions"}],"predecessor-version":[{"id":987,"href":"https:\/\/revue-phaeton.fr\/index.php\/wp-json\/wp\/v2\/pages\/578\/revisions\/987"}],"wp:attachment":[{"href":"https:\/\/revue-phaeton.fr\/index.php\/wp-json\/wp\/v2\/media?parent=578"}],"curies":[{"name":"wp","href":"https:\/\/api.w.org\/{rel}","templated":true}]}}