{"id":823,"date":"2021-12-29T17:30:03","date_gmt":"2021-12-29T16:30:03","guid":{"rendered":"https:\/\/revue-phaeton.fr\/?page_id=823"},"modified":"2023-04-02T16:26:09","modified_gmt":"2023-04-02T14:26:09","slug":"voir-la-revue-phaeton-2020","status":"publish","type":"page","link":"https:\/\/revue-phaeton.fr\/index.php\/voir-la-revue-phaeton-2020\/","title":{"rendered":"Voir la Revue Pha\u00e9ton 2020"},"content":{"rendered":"\n<p><\/p>\n\n\n<a href=\"https:\/\/revue-phaeton.fr\/wp-content\/uploads\/2021\/12\/Phaeton-2020.pdf\" class=\"pdfemb-viewer\" style=\"\" data-width=\"max\" data-height=\"max\" data-toolbar=\"bottom\" data-toolbar-fixed=\"off\">Phaeton-2020<\/a>\n<p class=\"wp-block-pdfemb-pdf-embedder-viewer\"><\/p>\n\n\n\n<p><br>> <a href=\"https:\/\/revue-phaeton.fr\/index.php\/2020\/10\/20\/le-sommaire-de-la-revue-phaeton-2020\/\">Le sommaire complet de la Revue Pha\u00e9ton 2020<\/a><\/p>\n\n\n\n<p><strong>Les auteurs de la Revue Pha\u00e9ton 2020<\/strong> : <\/p>\n\n\n\n<ul class=\"wp-block-list\">\n<li><strong>Dominique Delthil<\/strong> <em>Affaire Dreyfus, affaire de lois<\/em><\/li>\n\n\n\n<li><strong>Patrick Chastenet <\/strong><em>Adrien Marquet au service de la \u00ab Commune \u00bb de Bordeaux<\/em><\/li>\n\n\n\n<li><strong>Alain Vircondelet <\/strong><em>J\u2019attends les navires du retour, la maison des eaux, le jour limpide&nbsp;<\/em>(Albert Camus, L\u2019\u00e9t\u00e9)<\/li>\n\n\n\n<li><strong>C\u00e9dric Giraud<\/strong> <em>La m\u00e9ditation du Moyen \u00c2ge \u00e0 l\u2019\u00e9poque moderne : entre devotio et contemplatio<\/em><\/li>\n\n\n\n<li><strong>Michel Wiedemann<\/strong> <em>Existe-t-il une gravure de marine ?<\/em><\/li>\n\n\n\n<li><strong>Michel Oris <\/strong><em>Les Bordelais dans la migration fran\u00e7aise vers Gen\u00e8ve, dans la premi\u00e8re moiti\u00e9 du XIXe si\u00e8cle<\/em><\/li>\n\n\n\n<li><strong>Henri-Michel Y\u00e9r\u00e9 <\/strong> <em>Affronter l\u2019in\u00e9vitable : sur la po\u00e9sie et le sens de la nation<\/em><\/li>\n\n\n\n<li><strong>Bernard Daguerre <\/strong> <em>Une \u00e9tude en noir, essai de panorama subjectif du roman noir francophone<\/em><\/li>\n\n\n\n<li><strong>Roseline Giusti <\/strong> <em>Bertrand Nivelle, l\u2019imagination fertile d\u2019un architecte<\/em><\/li>\n\n\n\n<li><strong>Alessandro Baricco,<\/strong>&nbsp;<em>Oc\u00e9an mer<\/em>&nbsp;<\/li>\n\n\n\n<li><strong>Carlos Bena\u00efm<\/strong>, <em>Les odeurs et les saveurs du Maroc de ma jeunesse<\/em>&nbsp;<br><em>ces gouttes de m\u00e9moire dans des flacons<\/em><\/li>\n\n\n\n<li><strong>Alexandre Dupeyron<\/strong>,&nbsp;<em>Un photographe des confins<\/em>&nbsp;<\/li>\n\n\n\n<li><strong>Alberto Manguel &amp; Gianni Guadalupi<em>, <\/em><\/strong><em>Dictionnaire des Lieux Imaginaires<\/em>&nbsp;<\/li>\n\n\n\n<li><strong>Jade Morisson<\/strong>,&nbsp;<em>Mar\u00e9e basse<\/em>&nbsp;<\/li>\n\n\n\n<li><strong>Baptiste<\/strong>,&nbsp;<em>Traces&nbsp;<\/em><\/li>\n\n\n\n<li><strong>Timoth\u00e9e Oudar,<em>&nbsp;Kolkata<\/em><\/strong><em>, Extrait d\u2019un Carnet de voyage<\/em><\/li>\n\n\n\n<li><strong>Jean-Christophe Cabut<\/strong><em>, Portrait de Philippe Audoy<\/em>&nbsp;<\/li>\n\n\n\n<li><strong>Tristan Robquin<\/strong>, acrobate,<em>&nbsp;Lettre aux lecteurs de Pha\u00e9ton<\/em>&nbsp;<\/li>\n\n\n\n<li><strong>Questionnaire de Proust<\/strong> :\u00a0<em>Marc Minkowski\u00a0<\/em><br><br><strong>Pour commander la revue  :<br>>>\u00a0<a href=\"https:\/\/revue-phaeton.fr\/index.php\/bulletin-de-souscription\/\">bulletin de commande<\/a><\/strong><\/li>\n<\/ul>\n","protected":false},"excerpt":{"rendered":"<p>> Le sommaire complet de la Revue Pha\u00e9ton 2020 Les auteurs de la Revue Pha\u00e9ton 2020 :<\/p>\n","protected":false},"author":1,"featured_media":0,"parent":0,"menu_order":0,"comment_status":"closed","ping_status":"closed","template":"","meta":{"footnotes":""},"class_list":["post-823","page","type-page","status-publish","hentry"],"yoast_head":"<!-- This site is optimized with the Yoast SEO plugin v26.1.1 - https:\/\/yoast.com\/wordpress\/plugins\/seo\/ -->\n<title>Voir la Revue Pha\u00e9ton 2020 - Editions Pha\u00e9ton<\/title>\n<meta name=\"robots\" content=\"index, follow, max-snippet:-1, max-image-preview:large, max-video-preview:-1\" \/>\n<link rel=\"canonical\" href=\"https:\/\/revue-phaeton.fr\/index.php\/voir-la-revue-phaeton-2020\/\" \/>\n<meta property=\"og:locale\" content=\"fr_FR\" \/>\n<meta property=\"og:type\" content=\"article\" \/>\n<meta property=\"og:title\" content=\"Voir la Revue Pha\u00e9ton 2020 - Editions Pha\u00e9ton\" \/>\n<meta property=\"og:description\" content=\"&gt; Le sommaire complet de la Revue Pha\u00e9ton 2020 Les auteurs de la Revue Pha\u00e9ton 2020 :\" \/>\n<meta property=\"og:url\" content=\"https:\/\/revue-phaeton.fr\/index.php\/voir-la-revue-phaeton-2020\/\" \/>\n<meta property=\"og:site_name\" content=\"Editions Pha\u00e9ton\" \/>\n<meta property=\"article:modified_time\" content=\"2023-04-02T14:26:09+00:00\" \/>\n<meta name=\"twitter:card\" content=\"summary_large_image\" \/>\n<script type=\"application\/ld+json\" class=\"yoast-schema-graph\">{\"@context\":\"https:\/\/schema.org\",\"@graph\":[{\"@type\":\"WebPage\",\"@id\":\"https:\/\/revue-phaeton.fr\/index.php\/voir-la-revue-phaeton-2020\/\",\"url\":\"https:\/\/revue-phaeton.fr\/index.php\/voir-la-revue-phaeton-2020\/\",\"name\":\"Voir la Revue Pha\u00e9ton 2020 - Editions Pha\u00e9ton\",\"isPartOf\":{\"@id\":\"https:\/\/revue-phaeton.fr\/#website\"},\"datePublished\":\"2021-12-29T16:30:03+00:00\",\"dateModified\":\"2023-04-02T14:26:09+00:00\",\"breadcrumb\":{\"@id\":\"https:\/\/revue-phaeton.fr\/index.php\/voir-la-revue-phaeton-2020\/#breadcrumb\"},\"inLanguage\":\"fr-FR\",\"potentialAction\":[{\"@type\":\"ReadAction\",\"target\":[\"https:\/\/revue-phaeton.fr\/index.php\/voir-la-revue-phaeton-2020\/\"]}]},{\"@type\":\"BreadcrumbList\",\"@id\":\"https:\/\/revue-phaeton.fr\/index.php\/voir-la-revue-phaeton-2020\/#breadcrumb\",\"itemListElement\":[{\"@type\":\"ListItem\",\"position\":1,\"name\":\"Accueil\",\"item\":\"https:\/\/revue-phaeton.fr\/\"},{\"@type\":\"ListItem\",\"position\":2,\"name\":\"Voir la Revue Pha\u00e9ton 2020\"}]},{\"@type\":\"WebSite\",\"@id\":\"https:\/\/revue-phaeton.fr\/#website\",\"url\":\"https:\/\/revue-phaeton.fr\/\",\"name\":\"Editions Pha\u00e9ton\",\"description\":\"Maison d&#039;\u00e9ditions \",\"potentialAction\":[{\"@type\":\"SearchAction\",\"target\":{\"@type\":\"EntryPoint\",\"urlTemplate\":\"https:\/\/revue-phaeton.fr\/?s={search_term_string}\"},\"query-input\":{\"@type\":\"PropertyValueSpecification\",\"valueRequired\":true,\"valueName\":\"search_term_string\"}}],\"inLanguage\":\"fr-FR\"}]}<\/script>\n<!-- \/ Yoast SEO plugin. -->","yoast_head_json":{"title":"Voir la Revue Pha\u00e9ton 2020 - Editions Pha\u00e9ton","robots":{"index":"index","follow":"follow","max-snippet":"max-snippet:-1","max-image-preview":"max-image-preview:large","max-video-preview":"max-video-preview:-1"},"canonical":"https:\/\/revue-phaeton.fr\/index.php\/voir-la-revue-phaeton-2020\/","og_locale":"fr_FR","og_type":"article","og_title":"Voir la Revue Pha\u00e9ton 2020 - Editions Pha\u00e9ton","og_description":"> Le sommaire complet de la Revue Pha\u00e9ton 2020 Les auteurs de la Revue Pha\u00e9ton 2020 :","og_url":"https:\/\/revue-phaeton.fr\/index.php\/voir-la-revue-phaeton-2020\/","og_site_name":"Editions Pha\u00e9ton","article_modified_time":"2023-04-02T14:26:09+00:00","twitter_card":"summary_large_image","schema":{"@context":"https:\/\/schema.org","@graph":[{"@type":"WebPage","@id":"https:\/\/revue-phaeton.fr\/index.php\/voir-la-revue-phaeton-2020\/","url":"https:\/\/revue-phaeton.fr\/index.php\/voir-la-revue-phaeton-2020\/","name":"Voir la Revue Pha\u00e9ton 2020 - Editions Pha\u00e9ton","isPartOf":{"@id":"https:\/\/revue-phaeton.fr\/#website"},"datePublished":"2021-12-29T16:30:03+00:00","dateModified":"2023-04-02T14:26:09+00:00","breadcrumb":{"@id":"https:\/\/revue-phaeton.fr\/index.php\/voir-la-revue-phaeton-2020\/#breadcrumb"},"inLanguage":"fr-FR","potentialAction":[{"@type":"ReadAction","target":["https:\/\/revue-phaeton.fr\/index.php\/voir-la-revue-phaeton-2020\/"]}]},{"@type":"BreadcrumbList","@id":"https:\/\/revue-phaeton.fr\/index.php\/voir-la-revue-phaeton-2020\/#breadcrumb","itemListElement":[{"@type":"ListItem","position":1,"name":"Accueil","item":"https:\/\/revue-phaeton.fr\/"},{"@type":"ListItem","position":2,"name":"Voir la Revue Pha\u00e9ton 2020"}]},{"@type":"WebSite","@id":"https:\/\/revue-phaeton.fr\/#website","url":"https:\/\/revue-phaeton.fr\/","name":"Editions Pha\u00e9ton","description":"Maison d&#039;\u00e9ditions ","potentialAction":[{"@type":"SearchAction","target":{"@type":"EntryPoint","urlTemplate":"https:\/\/revue-phaeton.fr\/?s={search_term_string}"},"query-input":{"@type":"PropertyValueSpecification","valueRequired":true,"valueName":"search_term_string"}}],"inLanguage":"fr-FR"}]}},"_links":{"self":[{"href":"https:\/\/revue-phaeton.fr\/index.php\/wp-json\/wp\/v2\/pages\/823","targetHints":{"allow":["GET"]}}],"collection":[{"href":"https:\/\/revue-phaeton.fr\/index.php\/wp-json\/wp\/v2\/pages"}],"about":[{"href":"https:\/\/revue-phaeton.fr\/index.php\/wp-json\/wp\/v2\/types\/page"}],"author":[{"embeddable":true,"href":"https:\/\/revue-phaeton.fr\/index.php\/wp-json\/wp\/v2\/users\/1"}],"replies":[{"embeddable":true,"href":"https:\/\/revue-phaeton.fr\/index.php\/wp-json\/wp\/v2\/comments?post=823"}],"version-history":[{"count":7,"href":"https:\/\/revue-phaeton.fr\/index.php\/wp-json\/wp\/v2\/pages\/823\/revisions"}],"predecessor-version":[{"id":988,"href":"https:\/\/revue-phaeton.fr\/index.php\/wp-json\/wp\/v2\/pages\/823\/revisions\/988"}],"wp:attachment":[{"href":"https:\/\/revue-phaeton.fr\/index.php\/wp-json\/wp\/v2\/media?parent=823"}],"curies":[{"name":"wp","href":"https:\/\/api.w.org\/{rel}","templated":true}]}}