{"id":932,"date":"2023-03-12T18:13:49","date_gmt":"2023-03-12T17:13:49","guid":{"rendered":"https:\/\/revue-phaeton.fr\/?page_id=932"},"modified":"2024-01-01T18:08:29","modified_gmt":"2024-01-01T17:08:29","slug":"voir-la-revue-phaeton-2021","status":"publish","type":"page","link":"https:\/\/revue-phaeton.fr\/index.php\/voir-la-revue-phaeton-2021\/","title":{"rendered":"Voir la Revue Pha\u00e9ton 2021"},"content":{"rendered":"<a href=\"https:\/\/revue-phaeton.fr\/wp-content\/uploads\/2023\/03\/Phaeton-2021.pdf\" class=\"pdfemb-viewer\" style=\"\" data-width=\"max\" data-height=\"max\" data-toolbar=\"bottom\" data-toolbar-fixed=\"off\">Phaeton-2021<\/a>\n<p class=\"wp-block-pdfemb-pdf-embedder-viewer\"><\/p>\n\n\n\n<p>&gt; <a href=\"https:\/\/revue-phaeton.fr\/index.php\/2021\/12\/26\/le-sommaire-de-la-revue-phaeton-2021\/\">Le sommaire complet de la Revue Pha\u00e9ton 2021<\/a><br><br><strong>Les auteurs de la Revue Pha\u00e9ton 2021 <\/strong>:<\/p>\n\n\n\n<ul class=\"wp-block-list\">\n<li><strong>Jean-Paul Sartre<\/strong>, <em>Dans la rue des Blancs-Manteaux<\/em><\/li>\n\n\n\n<li><strong>Me Robert Badinter<\/strong>, Extraits du discours de \u00e0 l\u2019Assembl\u00e9e nationale, jeudi 17 septembre 1981 <em><\/em><\/li>\n\n\n\n<li><strong>G\u00e9b\u00e9<\/strong> (Georges Blondeaux), <em>Casse-t\u00eates<\/em><\/li>\n\n\n\n<li><em><strong>Martin Behaim<\/strong> L\u2019Erdapfel de Montesqu<strong>ieu<\/strong>, Adresse aux inquisiteurs d\u2019Espagne et du Portugal<\/em> (extrait de l\u2019Esprit des Lois)<\/li>\n\n\n\n<li><strong>Marie Laugery<\/strong> <em>Voie lact\u00e9e vraie demeure<\/em><\/li>\n\n\n\n<li><strong>Nicolas Bourgeois <\/strong><em>Pic du Midi de Bigorre et son observatoire, un patrimoine mondial<\/em> <em><\/em><\/li>\n\n\n\n<li><strong>Marie-Claude Canova-Green <\/strong><em>D\u2019infante \u00e0 reine de France, le voyage nuptial d\u2019Anne et celui de Marie-Th\u00e9r\u00e8se d\u2019Autriche<\/em><\/li>\n\n\n\n<li><strong>Michel Wiedemann<\/strong> <em>Les dessins du voyage en Espagne de Christophe Weiditz<\/em><em><\/em><\/li>\n\n\n\n<li><strong>Francine Agard-Lavall\u00e9<\/strong> et <strong>Bernard Lavall\u00e9<\/strong> <em>L\u2019accueil des r\u00e9fugi\u00e9s espagnols \u00e0 Bordeaux en 1936 et 1937 : de la solidarit\u00e9 \u00e0 la politique d\u2019exclusion<\/em><\/li>\n\n\n\n<li><strong>Danny-Marc et Jean-Luc Maxence du Nouvel-Athanor<\/strong> Floril\u00e8ge de <strong>po\u00e8mes<\/strong><\/li>\n\n\n\n<li><strong>Justine Guitard<\/strong> Le franquisme \u00e0 travers le prisme d\u2019un espace \u00ab subversif \u00bb : le ruedo<\/li>\n\n\n\n<li><strong>Javier Jurado<\/strong> <em>L\u2019invisibilisation des femmes ouvri\u00e8res dans les s\u00e9ries de la t\u00e9l\u00e9vision espagnole (TVE) de 1989 \u00e0 1993<\/em><\/li>\n\n\n\n<li><strong>Katia-Sofia Hakim<\/strong><br><em>Candelas, femme de lumi\u00e8res : une analyse du personnage f\u00e9minin dans l\u2019Amour Sorcier de Manuel de Falla (1915)<\/em><\/li>\n\n\n\n<li><strong>Andrea Rodriguez-Novoa<\/strong><em>Regard sur dix ans d\u2019arts visuels en Espagne<\/em> : une anthologie \u00e9motionnelle<\/li>\n\n\n\n<li><strong>Jacques Demorgon<\/strong> <em>D\u2019Ibn-Khald\u00fbn \u00e0 Fukuyama : l\u2019esprit de la g\u00e9ohistoire<\/em><\/li>\n\n\n\n<li><strong>Concha Castillo et Pierre Landete<\/strong>, <em>El guiri y el gato<\/em> : <em>dialogue<\/em><\/li>\n\n\n\n<li><strong>Nicolas Espitalier,<\/strong> <em>Salamanque Plaza Mayor<\/em><\/li>\n\n\n\n<li><strong>Pierre Landete, <\/strong><em>Debajo del reloj \/ Hoy por hoy<\/em><\/li>\n\n\n\n<li><strong>Jean-Bernard Duboscq et R\u00e9mi Bourquin<\/strong>, <em>Comme une petite pluie sur un kiosque \u00e0 musique<\/em>\u2026<\/li>\n\n\n\n<li><strong>Yves Hart\u00e9,<\/strong> <em>La huiti\u00e8me couleur<\/em> (extrait)<\/li>\n\n\n\n<li><strong>Claude-Henri Rocquet<\/strong>, <strong>L\u2019\u00e9ventail andalou<\/strong> (extraits de la nouvelle n\u00b0 24,<br>in Les Cahiers du Sens \u2013 Ed. Nouvel-Athanor, 2014)<\/li>\n\n\n\n<li><strong>Roseline Giusti<\/strong>, <em>\u00c9crire S\u00e9ville \/ Escribir Sevilla <\/em>&nbsp;\u00ab Je parle encore le Djudezmo \u00bb.<em>Entretien avec Eli\u00e9zer B<\/em>., jud\u00e9o-espagnol d\u2019Istanbul<\/li>\n\n\n\n<li><strong>Salvador Dal\u00ed,<\/strong> <em>Journal d\u2019un g\u00e9nie (<\/em>extraits)<\/li>\n\n\n\n<li><strong>Jorge Sempr\u00fan Maura<\/strong>, <em>L\u2019\u00c9criture ou la Vie<\/em><\/li>\n\n\n\n<li><strong>Fr\u00e9d\u00e9ric Brun<\/strong>,<em> Perla<\/em><\/li>\n\n\n\n<li><strong>Christian Roger<\/strong>, <em>Elsa M\u00e8re<\/em><\/li>\n\n\n\n<li><strong>Jean-Christophe Cabut<\/strong>, <em>Portrait de Dani\u00e8le Thi\u00e9ry : hommage \u00e0 la Donzelle<\/em><\/li>\n\n\n\n<li>Q<em>uestionnaire de Proust<\/em> : <strong>Herv\u00e9 Le Tellier<\/strong>, laur\u00e9at du prix Goncourt 2020<\/li>\n<\/ul>\n\n\n\n<p><strong>Pour commander la revue<br>&gt;&gt;&nbsp;<a href=\"https:\/\/revue-phaeton.fr\/index.php\/bulletin-de-souscription\/\">bulletin de commande<\/a><\/strong><\/p>\n","protected":false},"excerpt":{"rendered":"<p>&gt; Le sommaire complet de la Revue Pha\u00e9ton 2021 Les auteurs de la Revue Pha\u00e9ton 2021 : Pour commander la revue&gt;&gt;&nbsp;bulletin de commande<\/p>\n","protected":false},"author":1,"featured_media":0,"parent":0,"menu_order":0,"comment_status":"closed","ping_status":"closed","template":"","meta":{"footnotes":""},"class_list":["post-932","page","type-page","status-publish","hentry"],"yoast_head":"<!-- This site is optimized with the Yoast SEO plugin v26.1.1 - https:\/\/yoast.com\/wordpress\/plugins\/seo\/ -->\n<title>Voir la Revue Pha\u00e9ton 2021 - Editions Pha\u00e9ton<\/title>\n<meta name=\"robots\" content=\"index, follow, max-snippet:-1, max-image-preview:large, max-video-preview:-1\" \/>\n<link rel=\"canonical\" href=\"https:\/\/revue-phaeton.fr\/index.php\/voir-la-revue-phaeton-2021\/\" \/>\n<meta property=\"og:locale\" content=\"fr_FR\" \/>\n<meta property=\"og:type\" content=\"article\" \/>\n<meta property=\"og:title\" content=\"Voir la Revue Pha\u00e9ton 2021 - Editions Pha\u00e9ton\" \/>\n<meta property=\"og:description\" content=\"&gt; Le sommaire complet de la Revue Pha\u00e9ton 2021 Les auteurs de la Revue Pha\u00e9ton 2021 : Pour commander la revue&gt;&gt;&nbsp;bulletin de commande\" \/>\n<meta property=\"og:url\" content=\"https:\/\/revue-phaeton.fr\/index.php\/voir-la-revue-phaeton-2021\/\" \/>\n<meta property=\"og:site_name\" content=\"Editions Pha\u00e9ton\" \/>\n<meta property=\"article:modified_time\" content=\"2024-01-01T17:08:29+00:00\" \/>\n<meta name=\"twitter:card\" content=\"summary_large_image\" \/>\n<meta name=\"twitter:label1\" content=\"Dur\u00e9e de lecture estim\u00e9e\" \/>\n\t<meta name=\"twitter:data1\" content=\"2 minutes\" \/>\n<script type=\"application\/ld+json\" class=\"yoast-schema-graph\">{\"@context\":\"https:\/\/schema.org\",\"@graph\":[{\"@type\":\"WebPage\",\"@id\":\"https:\/\/revue-phaeton.fr\/index.php\/voir-la-revue-phaeton-2021\/\",\"url\":\"https:\/\/revue-phaeton.fr\/index.php\/voir-la-revue-phaeton-2021\/\",\"name\":\"Voir la Revue Pha\u00e9ton 2021 - Editions Pha\u00e9ton\",\"isPartOf\":{\"@id\":\"https:\/\/revue-phaeton.fr\/#website\"},\"datePublished\":\"2023-03-12T17:13:49+00:00\",\"dateModified\":\"2024-01-01T17:08:29+00:00\",\"breadcrumb\":{\"@id\":\"https:\/\/revue-phaeton.fr\/index.php\/voir-la-revue-phaeton-2021\/#breadcrumb\"},\"inLanguage\":\"fr-FR\",\"potentialAction\":[{\"@type\":\"ReadAction\",\"target\":[\"https:\/\/revue-phaeton.fr\/index.php\/voir-la-revue-phaeton-2021\/\"]}]},{\"@type\":\"BreadcrumbList\",\"@id\":\"https:\/\/revue-phaeton.fr\/index.php\/voir-la-revue-phaeton-2021\/#breadcrumb\",\"itemListElement\":[{\"@type\":\"ListItem\",\"position\":1,\"name\":\"Accueil\",\"item\":\"https:\/\/revue-phaeton.fr\/\"},{\"@type\":\"ListItem\",\"position\":2,\"name\":\"Voir la Revue Pha\u00e9ton 2021\"}]},{\"@type\":\"WebSite\",\"@id\":\"https:\/\/revue-phaeton.fr\/#website\",\"url\":\"https:\/\/revue-phaeton.fr\/\",\"name\":\"Editions Pha\u00e9ton\",\"description\":\"Maison d&#039;\u00e9ditions \",\"potentialAction\":[{\"@type\":\"SearchAction\",\"target\":{\"@type\":\"EntryPoint\",\"urlTemplate\":\"https:\/\/revue-phaeton.fr\/?s={search_term_string}\"},\"query-input\":{\"@type\":\"PropertyValueSpecification\",\"valueRequired\":true,\"valueName\":\"search_term_string\"}}],\"inLanguage\":\"fr-FR\"}]}<\/script>\n<!-- \/ Yoast SEO plugin. -->","yoast_head_json":{"title":"Voir la Revue Pha\u00e9ton 2021 - Editions Pha\u00e9ton","robots":{"index":"index","follow":"follow","max-snippet":"max-snippet:-1","max-image-preview":"max-image-preview:large","max-video-preview":"max-video-preview:-1"},"canonical":"https:\/\/revue-phaeton.fr\/index.php\/voir-la-revue-phaeton-2021\/","og_locale":"fr_FR","og_type":"article","og_title":"Voir la Revue Pha\u00e9ton 2021 - Editions Pha\u00e9ton","og_description":"&gt; Le sommaire complet de la Revue Pha\u00e9ton 2021 Les auteurs de la Revue Pha\u00e9ton 2021 : Pour commander la revue&gt;&gt;&nbsp;bulletin de commande","og_url":"https:\/\/revue-phaeton.fr\/index.php\/voir-la-revue-phaeton-2021\/","og_site_name":"Editions Pha\u00e9ton","article_modified_time":"2024-01-01T17:08:29+00:00","twitter_card":"summary_large_image","twitter_misc":{"Dur\u00e9e de lecture estim\u00e9e":"2 minutes"},"schema":{"@context":"https:\/\/schema.org","@graph":[{"@type":"WebPage","@id":"https:\/\/revue-phaeton.fr\/index.php\/voir-la-revue-phaeton-2021\/","url":"https:\/\/revue-phaeton.fr\/index.php\/voir-la-revue-phaeton-2021\/","name":"Voir la Revue Pha\u00e9ton 2021 - Editions Pha\u00e9ton","isPartOf":{"@id":"https:\/\/revue-phaeton.fr\/#website"},"datePublished":"2023-03-12T17:13:49+00:00","dateModified":"2024-01-01T17:08:29+00:00","breadcrumb":{"@id":"https:\/\/revue-phaeton.fr\/index.php\/voir-la-revue-phaeton-2021\/#breadcrumb"},"inLanguage":"fr-FR","potentialAction":[{"@type":"ReadAction","target":["https:\/\/revue-phaeton.fr\/index.php\/voir-la-revue-phaeton-2021\/"]}]},{"@type":"BreadcrumbList","@id":"https:\/\/revue-phaeton.fr\/index.php\/voir-la-revue-phaeton-2021\/#breadcrumb","itemListElement":[{"@type":"ListItem","position":1,"name":"Accueil","item":"https:\/\/revue-phaeton.fr\/"},{"@type":"ListItem","position":2,"name":"Voir la Revue Pha\u00e9ton 2021"}]},{"@type":"WebSite","@id":"https:\/\/revue-phaeton.fr\/#website","url":"https:\/\/revue-phaeton.fr\/","name":"Editions Pha\u00e9ton","description":"Maison d&#039;\u00e9ditions ","potentialAction":[{"@type":"SearchAction","target":{"@type":"EntryPoint","urlTemplate":"https:\/\/revue-phaeton.fr\/?s={search_term_string}"},"query-input":{"@type":"PropertyValueSpecification","valueRequired":true,"valueName":"search_term_string"}}],"inLanguage":"fr-FR"}]}},"_links":{"self":[{"href":"https:\/\/revue-phaeton.fr\/index.php\/wp-json\/wp\/v2\/pages\/932","targetHints":{"allow":["GET"]}}],"collection":[{"href":"https:\/\/revue-phaeton.fr\/index.php\/wp-json\/wp\/v2\/pages"}],"about":[{"href":"https:\/\/revue-phaeton.fr\/index.php\/wp-json\/wp\/v2\/types\/page"}],"author":[{"embeddable":true,"href":"https:\/\/revue-phaeton.fr\/index.php\/wp-json\/wp\/v2\/users\/1"}],"replies":[{"embeddable":true,"href":"https:\/\/revue-phaeton.fr\/index.php\/wp-json\/wp\/v2\/comments?post=932"}],"version-history":[{"count":7,"href":"https:\/\/revue-phaeton.fr\/index.php\/wp-json\/wp\/v2\/pages\/932\/revisions"}],"predecessor-version":[{"id":1190,"href":"https:\/\/revue-phaeton.fr\/index.php\/wp-json\/wp\/v2\/pages\/932\/revisions\/1190"}],"wp:attachment":[{"href":"https:\/\/revue-phaeton.fr\/index.php\/wp-json\/wp\/v2\/media?parent=932"}],"curies":[{"name":"wp","href":"https:\/\/api.w.org\/{rel}","templated":true}]}}